{"id":95,"date":"2023-06-15T16:10:13","date_gmt":"2023-06-15T19:10:13","guid":{"rendered":"https:\/\/saltcomunicacao.com.br\/marciasilva\/?page_id=95"},"modified":"2023-06-19T17:45:06","modified_gmt":"2023-06-19T20:45:06","slug":"amigdalite-aguda-e-cronica","status":"publish","type":"page","link":"https:\/\/saltcomunicacao.com.br\/marciasilva\/procedimentos\/doencas-clinicas\/amigdalite-aguda-e-cronica\/","title":{"rendered":"Amigdalite Aguda E Cr\u00f4nica"},"content":{"rendered":"<p><span style=\"font-weight: 400;\">A amigdalite \u00e9 uma inflama\u00e7\u00e3o das am\u00edgdalas que pode ser causada por infec\u00e7\u00f5es virais ou bacterianas, resultando em sintomas como dor de garganta, febre e mal-estar. Existem v\u00e1rios tipos de amigdalite e faringite.<\/span><\/p>\n<p>&nbsp;<\/p>\n<p><span style=\"font-weight: 400;\">Na amigdalite aguda, as am\u00edgdalas aumentam de tamanho, ficam vermelhas e cobertas por secre\u00e7\u00e3o purulenta, o que causa febre alta, dor no corpo, dificuldade para engolir e, \u00e0s vezes, o aparecimento de m\u00faltiplas gl\u00e2ndulas no pesco\u00e7o. Geralmente, a infec\u00e7\u00e3o \u00e9 autolimitada e se resolve ap\u00f3s cerca de 7 a 10 dias.<\/span><\/p>\n<p>&nbsp;<\/p>\n<p><span style=\"font-weight: 400;\">\u00c9 importante que o paciente consulte um otorrinolaringologista em caso de dor de garganta com febre persistente por mais de 48-72 horas, pois nem sempre o uso de antibi\u00f3ticos \u00e9 necess\u00e1rio, principalmente em crian\u00e7as.<\/span><\/p>\n<p>&nbsp;<\/p>\n<p><span style=\"font-weight: 400;\">A amigdalite cr\u00f4nica, ou amigdalite cr\u00f4nica caseosa, \u00e9 caracterizada por dor de garganta persistente, associada \u00e0 halitose e ac\u00famulo de res\u00edduos (caseum) no interior das am\u00edgdalas, sem febre ou outros sintomas maiores. O tratamento consiste em anti-inflamat\u00f3rios para al\u00edvio da dor e medidas de higiene, como gargarejos, para eliminar os res\u00edduos.<\/span><\/p>\n<p>&nbsp;<\/p>\n<p><span style=\"font-weight: 400;\">Em casos de halitose persistente com grande ac\u00famulo de caseum no interior das am\u00edgdalas e sem melhora com as medidas de higiene, a cirurgia para remo\u00e7\u00e3o das am\u00edgdalas pode ser considerada.<\/span><\/p>\n","protected":false},"excerpt":{"rendered":"<p>A amigdalite \u00e9 uma inflama\u00e7\u00e3o das am\u00edgdalas que pode ser causada por infec\u00e7\u00f5es virais ou [&hellip;]<\/p>\n","protected":false},"author":1,"featured_media":117,"parent":63,"menu_order":0,"comment_status":"closed","ping_status":"closed","template":"page-tratamentos.php","meta":[],"acf":[],"yoast_head":"<!-- This site is optimized with the Yoast SEO plugin v20.9 - https:\/\/yoast.com\/wordpress\/plugins\/seo\/ -->\n<title>Amigdalite Aguda E Cr\u00f4nica - Marcia Silva<\/title>\n<meta name=\"robots\" content=\"index, follow, max-snippet:-1, max-image-preview:large, max-video-preview:-1\" \/>\n<link rel=\"canonical\" href=\"https:\/\/saltcomunicacao.com.br\/marciasilva\/procedimentos\/doencas-clinicas\/amigdalite-aguda-e-cronica\/\" \/>\n<meta property=\"og:locale\" content=\"pt_BR\" \/>\n<meta property=\"og:type\" content=\"article\" \/>\n<meta property=\"og:title\" content=\"Amigdalite Aguda E Cr\u00f4nica - Marcia Silva\" \/>\n<meta property=\"og:description\" content=\"A amigdalite \u00e9 uma inflama\u00e7\u00e3o das am\u00edgdalas que pode ser causada por infec\u00e7\u00f5es virais ou [&hellip;]\" \/>\n<meta property=\"og:url\" content=\"https:\/\/saltcomunicacao.com.br\/marciasilva\/procedimentos\/doencas-clinicas\/amigdalite-aguda-e-cronica\/\" \/>\n<meta property=\"og:site_name\" content=\"Marcia Silva\" \/>\n<meta property=\"article:modified_time\" content=\"2023-06-19T20:45:06+00:00\" \/>\n<meta property=\"og:image\" content=\"https:\/\/saltcomunicacao.com.br\/marciasilva\/wp-content\/uploads\/2023\/06\/Amigdalite.jpg\" \/>\n\t<meta property=\"og:image:width\" content=\"740\" \/>\n\t<meta property=\"og:image:height\" content=\"380\" \/>\n\t<meta property=\"og:image:type\" content=\"image\/jpeg\" \/>\n<meta name=\"twitter:card\" content=\"summary_large_image\" \/>\n<meta name=\"twitter:label1\" content=\"Est. tempo de leitura\" \/>\n\t<meta name=\"twitter:data1\" content=\"2 minutos\" \/>\n<script type=\"application\/ld+json\" class=\"yoast-schema-graph\">{\"@context\":\"https:\/\/schema.org\",\"@graph\":[{\"@type\":\"WebPage\",\"@id\":\"https:\/\/saltcomunicacao.com.br\/marciasilva\/procedimentos\/doencas-clinicas\/amigdalite-aguda-e-cronica\/\",\"url\":\"https:\/\/saltcomunicacao.com.br\/marciasilva\/procedimentos\/doencas-clinicas\/amigdalite-aguda-e-cronica\/\",\"name\":\"Amigdalite Aguda E Cr\u00f4nica - Marcia Silva\",\"isPartOf\":{\"@id\":\"https:\/\/saltcomunicacao.com.br\/marciasilva\/#website\"},\"datePublished\":\"2023-06-15T19:10:13+00:00\",\"dateModified\":\"2023-06-19T20:45:06+00:00\",\"breadcrumb\":{\"@id\":\"https:\/\/saltcomunicacao.com.br\/marciasilva\/procedimentos\/doencas-clinicas\/amigdalite-aguda-e-cronica\/#breadcrumb\"},\"inLanguage\":\"pt-BR\",\"potentialAction\":[{\"@type\":\"ReadAction\",\"target\":[\"https:\/\/saltcomunicacao.com.br\/marciasilva\/procedimentos\/doencas-clinicas\/amigdalite-aguda-e-cronica\/\"]}]},{\"@type\":\"BreadcrumbList\",\"@id\":\"https:\/\/saltcomunicacao.com.br\/marciasilva\/procedimentos\/doencas-clinicas\/amigdalite-aguda-e-cronica\/#breadcrumb\",\"itemListElement\":[{\"@type\":\"ListItem\",\"position\":1,\"name\":\"In\u00edcio\",\"item\":\"https:\/\/saltcomunicacao.com.br\/marciasilva\/\"},{\"@type\":\"ListItem\",\"position\":2,\"name\":\"Procedimentos\",\"item\":\"https:\/\/saltcomunicacao.com.br\/marciasilva\/procedimentos\/\"},{\"@type\":\"ListItem\",\"position\":3,\"name\":\"Doen\u00e7as cl\u00ednicas\",\"item\":\"https:\/\/saltcomunicacao.com.br\/marciasilva\/procedimentos\/doencas-clinicas\/\"},{\"@type\":\"ListItem\",\"position\":4,\"name\":\"Amigdalite Aguda E Cr\u00f4nica\"}]},{\"@type\":\"WebSite\",\"@id\":\"https:\/\/saltcomunicacao.com.br\/marciasilva\/#website\",\"url\":\"https:\/\/saltcomunicacao.com.br\/marciasilva\/\",\"name\":\"M\u00e1rcia Silva\",\"description\":\"A harmonia perfeita entre forma e fun\u00e7\u00e3o do nariz\",\"publisher\":{\"@id\":\"https:\/\/saltcomunicacao.com.br\/marciasilva\/#\/schema\/person\/01510f84292eaf8d7e87a403808f527f\"},\"potentialAction\":[{\"@type\":\"SearchAction\",\"target\":{\"@type\":\"EntryPoint\",\"urlTemplate\":\"https:\/\/saltcomunicacao.com.br\/marciasilva\/?s={search_term_string}\"},\"query-input\":\"required name=search_term_string\"}],\"inLanguage\":\"pt-BR\"},{\"@type\":[\"Person\",\"Organization\"],\"@id\":\"https:\/\/saltcomunicacao.com.br\/marciasilva\/#\/schema\/person\/01510f84292eaf8d7e87a403808f527f\",\"name\":\"salt\",\"image\":{\"@type\":\"ImageObject\",\"inLanguage\":\"pt-BR\",\"@id\":\"https:\/\/saltcomunicacao.com.br\/marciasilva\/#\/schema\/person\/image\/\",\"url\":\"https:\/\/saltcomunicacao.com.br\/marciasilva\/wp-content\/uploads\/2023\/06\/Group-134.jpg\",\"contentUrl\":\"https:\/\/saltcomunicacao.com.br\/marciasilva\/wp-content\/uploads\/2023\/06\/Group-134.jpg\",\"width\":710,\"height\":923,\"caption\":\"salt\"},\"logo\":{\"@id\":\"https:\/\/saltcomunicacao.com.br\/marciasilva\/#\/schema\/person\/image\/\"},\"sameAs\":[\"https:\/\/saltcomunicacao.com.br\/marciasilva\"]}]}<\/script>\n<!-- \/ Yoast SEO plugin. -->","yoast_head_json":{"title":"Amigdalite Aguda E Cr\u00f4nica - Marcia Silva","robots":{"index":"index","follow":"follow","max-snippet":"max-snippet:-1","max-image-preview":"max-image-preview:large","max-video-preview":"max-video-preview:-1"},"canonical":"https:\/\/saltcomunicacao.com.br\/marciasilva\/procedimentos\/doencas-clinicas\/amigdalite-aguda-e-cronica\/","og_locale":"pt_BR","og_type":"article","og_title":"Amigdalite Aguda E Cr\u00f4nica - Marcia Silva","og_description":"A amigdalite \u00e9 uma inflama\u00e7\u00e3o das am\u00edgdalas que pode ser causada por infec\u00e7\u00f5es virais ou [&hellip;]","og_url":"https:\/\/saltcomunicacao.com.br\/marciasilva\/procedimentos\/doencas-clinicas\/amigdalite-aguda-e-cronica\/","og_site_name":"Marcia Silva","article_modified_time":"2023-06-19T20:45:06+00:00","og_image":[{"width":740,"height":380,"url":"https:\/\/saltcomunicacao.com.br\/marciasilva\/wp-content\/uploads\/2023\/06\/Amigdalite.jpg","type":"image\/jpeg"}],"twitter_card":"summary_large_image","twitter_misc":{"Est. tempo de leitura":"2 minutos"},"schema":{"@context":"https:\/\/schema.org","@graph":[{"@type":"WebPage","@id":"https:\/\/saltcomunicacao.com.br\/marciasilva\/procedimentos\/doencas-clinicas\/amigdalite-aguda-e-cronica\/","url":"https:\/\/saltcomunicacao.com.br\/marciasilva\/procedimentos\/doencas-clinicas\/amigdalite-aguda-e-cronica\/","name":"Amigdalite Aguda E Cr\u00f4nica - Marcia Silva","isPartOf":{"@id":"https:\/\/saltcomunicacao.com.br\/marciasilva\/#website"},"datePublished":"2023-06-15T19:10:13+00:00","dateModified":"2023-06-19T20:45:06+00:00","breadcrumb":{"@id":"https:\/\/saltcomunicacao.com.br\/marciasilva\/procedimentos\/doencas-clinicas\/amigdalite-aguda-e-cronica\/#breadcrumb"},"inLanguage":"pt-BR","potentialAction":[{"@type":"ReadAction","target":["https:\/\/saltcomunicacao.com.br\/marciasilva\/procedimentos\/doencas-clinicas\/amigdalite-aguda-e-cronica\/"]}]},{"@type":"BreadcrumbList","@id":"https:\/\/saltcomunicacao.com.br\/marciasilva\/procedimentos\/doencas-clinicas\/amigdalite-aguda-e-cronica\/#breadcrumb","itemListElement":[{"@type":"ListItem","position":1,"name":"In\u00edcio","item":"https:\/\/saltcomunicacao.com.br\/marciasilva\/"},{"@type":"ListItem","position":2,"name":"Procedimentos","item":"https:\/\/saltcomunicacao.com.br\/marciasilva\/procedimentos\/"},{"@type":"ListItem","position":3,"name":"Doen\u00e7as cl\u00ednicas","item":"https:\/\/saltcomunicacao.com.br\/marciasilva\/procedimentos\/doencas-clinicas\/"},{"@type":"ListItem","position":4,"name":"Amigdalite Aguda E Cr\u00f4nica"}]},{"@type":"WebSite","@id":"https:\/\/saltcomunicacao.com.br\/marciasilva\/#website","url":"https:\/\/saltcomunicacao.com.br\/marciasilva\/","name":"M\u00e1rcia Silva","description":"A harmonia perfeita entre forma e fun\u00e7\u00e3o do nariz","publisher":{"@id":"https:\/\/saltcomunicacao.com.br\/marciasilva\/#\/schema\/person\/01510f84292eaf8d7e87a403808f527f"},"potentialAction":[{"@type":"SearchAction","target":{"@type":"EntryPoint","urlTemplate":"https:\/\/saltcomunicacao.com.br\/marciasilva\/?s={search_term_string}"},"query-input":"required name=search_term_string"}],"inLanguage":"pt-BR"},{"@type":["Person","Organization"],"@id":"https:\/\/saltcomunicacao.com.br\/marciasilva\/#\/schema\/person\/01510f84292eaf8d7e87a403808f527f","name":"salt","image":{"@type":"ImageObject","inLanguage":"pt-BR","@id":"https:\/\/saltcomunicacao.com.br\/marciasilva\/#\/schema\/person\/image\/","url":"https:\/\/saltcomunicacao.com.br\/marciasilva\/wp-content\/uploads\/2023\/06\/Group-134.jpg","contentUrl":"https:\/\/saltcomunicacao.com.br\/marciasilva\/wp-content\/uploads\/2023\/06\/Group-134.jpg","width":710,"height":923,"caption":"salt"},"logo":{"@id":"https:\/\/saltcomunicacao.com.br\/marciasilva\/#\/schema\/person\/image\/"},"sameAs":["https:\/\/saltcomunicacao.com.br\/marciasilva"]}]}},"_links":{"self":[{"href":"https:\/\/saltcomunicacao.com.br\/marciasilva\/wp-json\/wp\/v2\/pages\/95"}],"collection":[{"href":"https:\/\/saltcomunicacao.com.br\/marciasilva\/wp-json\/wp\/v2\/pages"}],"about":[{"href":"https:\/\/saltcomunicacao.com.br\/marciasilva\/wp-json\/wp\/v2\/types\/page"}],"author":[{"embeddable":true,"href":"https:\/\/saltcomunicacao.com.br\/marciasilva\/wp-json\/wp\/v2\/users\/1"}],"replies":[{"embeddable":true,"href":"https:\/\/saltcomunicacao.com.br\/marciasilva\/wp-json\/wp\/v2\/comments?post=95"}],"version-history":[{"count":1,"href":"https:\/\/saltcomunicacao.com.br\/marciasilva\/wp-json\/wp\/v2\/pages\/95\/revisions"}],"predecessor-version":[{"id":96,"href":"https:\/\/saltcomunicacao.com.br\/marciasilva\/wp-json\/wp\/v2\/pages\/95\/revisions\/96"}],"up":[{"embeddable":true,"href":"https:\/\/saltcomunicacao.com.br\/marciasilva\/wp-json\/wp\/v2\/pages\/63"}],"wp:featuredmedia":[{"embeddable":true,"href":"https:\/\/saltcomunicacao.com.br\/marciasilva\/wp-json\/wp\/v2\/media\/117"}],"wp:attachment":[{"href":"https:\/\/saltcomunicacao.com.br\/marciasilva\/wp-json\/wp\/v2\/media?parent=95"}],"curies":[{"name":"wp","href":"https:\/\/api.w.org\/{rel}","templated":true}]}}