{"id":93,"date":"2023-06-15T16:09:56","date_gmt":"2023-06-15T19:09:56","guid":{"rendered":"https:\/\/saltcomunicacao.com.br\/marciasilva\/?page_id=93"},"modified":"2023-06-19T17:43:27","modified_gmt":"2023-06-19T20:43:27","slug":"hipertrofia-de-amigdalas-e-adenoides","status":"publish","type":"page","link":"https:\/\/saltcomunicacao.com.br\/marciasilva\/procedimentos\/doencas-clinicas\/hipertrofia-de-amigdalas-e-adenoides\/","title":{"rendered":"Hipertrofia De Am\u00edgdalas E Aden\u00f3ides"},"content":{"rendered":"<p><span style=\"font-weight: 400;\">As am\u00edgdalas e aden\u00f3ides s\u00e3o gl\u00e2ndulas do sistema imunol\u00f3gico localizadas na faringe, sendo que as adenoides situam-se no fundo do nariz e as am\u00edgdalas na extremidade da garganta.\u00a0<\/span><\/p>\n<p>&nbsp;<\/p>\n<p><span style=\"font-weight: 400;\">O crescimento excessivo dessas gl\u00e2ndulas, conhecido como hipertrofia, \u00e9 mais frequente em crian\u00e7as, mas tamb\u00e9m pode afetar adultos, causando obstru\u00e7\u00e3o nasal, roncos, apneia do sono, dificuldade de alimenta\u00e7\u00e3o, respira\u00e7\u00e3o oral, excesso de saliva\u00e7\u00e3o e fala anasalada. Nos casos de hipertrofia das aden\u00f3ides, pode haver sinusites e otites de repeti\u00e7\u00e3o, e at\u00e9 mesmo perda auditiva devido \u00e0 obstru\u00e7\u00e3o do canal que conecta o ouvido com o nariz.<\/span><\/p>\n<p>&nbsp;<\/p>\n<p><span style=\"font-weight: 400;\">O tratamento para a hipertrofia de am\u00edgdalas e aden\u00f3ides envolve o uso de medica\u00e7\u00f5es t\u00f3picas para reduzir o tamanho das aden\u00f3ides, juntamente com o controle das doen\u00e7as de base, como rinite e sinusite, al\u00e9m do uso de estimulantes da imunidade para prevenir infec\u00e7\u00f5es que estimulam o crescimento dessas gl\u00e2ndulas, como acontece em casos de amigdalite. Em casos espec\u00edficos, quando n\u00e3o h\u00e1 melhora do quadro ap\u00f3s o uso das medica\u00e7\u00f5es, a cirurgia para remo\u00e7\u00e3o das am\u00edgdalas e\/ou aden\u00f3ides pode ser indicada.<\/span><\/p>\n","protected":false},"excerpt":{"rendered":"<p>As am\u00edgdalas e aden\u00f3ides s\u00e3o gl\u00e2ndulas do sistema imunol\u00f3gico localizadas na faringe, sendo que as [&hellip;]<\/p>\n","protected":false},"author":1,"featured_media":116,"parent":63,"menu_order":0,"comment_status":"closed","ping_status":"closed","template":"page-tratamentos.php","meta":[],"acf":[],"yoast_head":"<!-- This site is optimized with the Yoast SEO plugin v20.9 - https:\/\/yoast.com\/wordpress\/plugins\/seo\/ -->\n<title>Hipertrofia De Am\u00edgdalas E Aden\u00f3ides - Marcia Silva<\/title>\n<meta name=\"robots\" content=\"index, follow, max-snippet:-1, max-image-preview:large, max-video-preview:-1\" \/>\n<link rel=\"canonical\" href=\"https:\/\/saltcomunicacao.com.br\/marciasilva\/procedimentos\/doencas-clinicas\/hipertrofia-de-amigdalas-e-adenoides\/\" \/>\n<meta property=\"og:locale\" content=\"pt_BR\" \/>\n<meta property=\"og:type\" content=\"article\" \/>\n<meta property=\"og:title\" content=\"Hipertrofia De Am\u00edgdalas E Aden\u00f3ides - Marcia Silva\" \/>\n<meta property=\"og:description\" content=\"As am\u00edgdalas e aden\u00f3ides s\u00e3o gl\u00e2ndulas do sistema imunol\u00f3gico localizadas na faringe, sendo que as [&hellip;]\" \/>\n<meta property=\"og:url\" content=\"https:\/\/saltcomunicacao.com.br\/marciasilva\/procedimentos\/doencas-clinicas\/hipertrofia-de-amigdalas-e-adenoides\/\" \/>\n<meta property=\"og:site_name\" content=\"Marcia Silva\" \/>\n<meta property=\"article:modified_time\" content=\"2023-06-19T20:43:27+00:00\" \/>\n<meta property=\"og:image\" content=\"https:\/\/saltcomunicacao.com.br\/marciasilva\/wp-content\/uploads\/2023\/06\/Hipertrofia-De-Amigdalas-E-Adenoides-.jpg\" \/>\n\t<meta property=\"og:image:width\" content=\"740\" \/>\n\t<meta property=\"og:image:height\" content=\"380\" \/>\n\t<meta property=\"og:image:type\" content=\"image\/jpeg\" \/>\n<meta name=\"twitter:card\" content=\"summary_large_image\" \/>\n<meta name=\"twitter:label1\" content=\"Est. tempo de leitura\" \/>\n\t<meta name=\"twitter:data1\" content=\"1 minuto\" \/>\n<script type=\"application\/ld+json\" class=\"yoast-schema-graph\">{\"@context\":\"https:\/\/schema.org\",\"@graph\":[{\"@type\":\"WebPage\",\"@id\":\"https:\/\/saltcomunicacao.com.br\/marciasilva\/procedimentos\/doencas-clinicas\/hipertrofia-de-amigdalas-e-adenoides\/\",\"url\":\"https:\/\/saltcomunicacao.com.br\/marciasilva\/procedimentos\/doencas-clinicas\/hipertrofia-de-amigdalas-e-adenoides\/\",\"name\":\"Hipertrofia De Am\u00edgdalas E Aden\u00f3ides - Marcia Silva\",\"isPartOf\":{\"@id\":\"https:\/\/saltcomunicacao.com.br\/marciasilva\/#website\"},\"datePublished\":\"2023-06-15T19:09:56+00:00\",\"dateModified\":\"2023-06-19T20:43:27+00:00\",\"breadcrumb\":{\"@id\":\"https:\/\/saltcomunicacao.com.br\/marciasilva\/procedimentos\/doencas-clinicas\/hipertrofia-de-amigdalas-e-adenoides\/#breadcrumb\"},\"inLanguage\":\"pt-BR\",\"potentialAction\":[{\"@type\":\"ReadAction\",\"target\":[\"https:\/\/saltcomunicacao.com.br\/marciasilva\/procedimentos\/doencas-clinicas\/hipertrofia-de-amigdalas-e-adenoides\/\"]}]},{\"@type\":\"BreadcrumbList\",\"@id\":\"https:\/\/saltcomunicacao.com.br\/marciasilva\/procedimentos\/doencas-clinicas\/hipertrofia-de-amigdalas-e-adenoides\/#breadcrumb\",\"itemListElement\":[{\"@type\":\"ListItem\",\"position\":1,\"name\":\"In\u00edcio\",\"item\":\"https:\/\/saltcomunicacao.com.br\/marciasilva\/\"},{\"@type\":\"ListItem\",\"position\":2,\"name\":\"Procedimentos\",\"item\":\"https:\/\/saltcomunicacao.com.br\/marciasilva\/procedimentos\/\"},{\"@type\":\"ListItem\",\"position\":3,\"name\":\"Doen\u00e7as cl\u00ednicas\",\"item\":\"https:\/\/saltcomunicacao.com.br\/marciasilva\/procedimentos\/doencas-clinicas\/\"},{\"@type\":\"ListItem\",\"position\":4,\"name\":\"Hipertrofia De Am\u00edgdalas E Aden\u00f3ides\"}]},{\"@type\":\"WebSite\",\"@id\":\"https:\/\/saltcomunicacao.com.br\/marciasilva\/#website\",\"url\":\"https:\/\/saltcomunicacao.com.br\/marciasilva\/\",\"name\":\"M\u00e1rcia Silva\",\"description\":\"A harmonia perfeita entre forma e fun\u00e7\u00e3o do nariz\",\"publisher\":{\"@id\":\"https:\/\/saltcomunicacao.com.br\/marciasilva\/#\/schema\/person\/01510f84292eaf8d7e87a403808f527f\"},\"potentialAction\":[{\"@type\":\"SearchAction\",\"target\":{\"@type\":\"EntryPoint\",\"urlTemplate\":\"https:\/\/saltcomunicacao.com.br\/marciasilva\/?s={search_term_string}\"},\"query-input\":\"required name=search_term_string\"}],\"inLanguage\":\"pt-BR\"},{\"@type\":[\"Person\",\"Organization\"],\"@id\":\"https:\/\/saltcomunicacao.com.br\/marciasilva\/#\/schema\/person\/01510f84292eaf8d7e87a403808f527f\",\"name\":\"salt\",\"image\":{\"@type\":\"ImageObject\",\"inLanguage\":\"pt-BR\",\"@id\":\"https:\/\/saltcomunicacao.com.br\/marciasilva\/#\/schema\/person\/image\/\",\"url\":\"https:\/\/saltcomunicacao.com.br\/marciasilva\/wp-content\/uploads\/2023\/06\/Group-134.jpg\",\"contentUrl\":\"https:\/\/saltcomunicacao.com.br\/marciasilva\/wp-content\/uploads\/2023\/06\/Group-134.jpg\",\"width\":710,\"height\":923,\"caption\":\"salt\"},\"logo\":{\"@id\":\"https:\/\/saltcomunicacao.com.br\/marciasilva\/#\/schema\/person\/image\/\"},\"sameAs\":[\"https:\/\/saltcomunicacao.com.br\/marciasilva\"]}]}<\/script>\n<!-- \/ Yoast SEO plugin. -->","yoast_head_json":{"title":"Hipertrofia De Am\u00edgdalas E Aden\u00f3ides - Marcia Silva","robots":{"index":"index","follow":"follow","max-snippet":"max-snippet:-1","max-image-preview":"max-image-preview:large","max-video-preview":"max-video-preview:-1"},"canonical":"https:\/\/saltcomunicacao.com.br\/marciasilva\/procedimentos\/doencas-clinicas\/hipertrofia-de-amigdalas-e-adenoides\/","og_locale":"pt_BR","og_type":"article","og_title":"Hipertrofia De Am\u00edgdalas E Aden\u00f3ides - Marcia Silva","og_description":"As am\u00edgdalas e aden\u00f3ides s\u00e3o gl\u00e2ndulas do sistema imunol\u00f3gico localizadas na faringe, sendo que as [&hellip;]","og_url":"https:\/\/saltcomunicacao.com.br\/marciasilva\/procedimentos\/doencas-clinicas\/hipertrofia-de-amigdalas-e-adenoides\/","og_site_name":"Marcia Silva","article_modified_time":"2023-06-19T20:43:27+00:00","og_image":[{"width":740,"height":380,"url":"https:\/\/saltcomunicacao.com.br\/marciasilva\/wp-content\/uploads\/2023\/06\/Hipertrofia-De-Amigdalas-E-Adenoides-.jpg","type":"image\/jpeg"}],"twitter_card":"summary_large_image","twitter_misc":{"Est. tempo de leitura":"1 minuto"},"schema":{"@context":"https:\/\/schema.org","@graph":[{"@type":"WebPage","@id":"https:\/\/saltcomunicacao.com.br\/marciasilva\/procedimentos\/doencas-clinicas\/hipertrofia-de-amigdalas-e-adenoides\/","url":"https:\/\/saltcomunicacao.com.br\/marciasilva\/procedimentos\/doencas-clinicas\/hipertrofia-de-amigdalas-e-adenoides\/","name":"Hipertrofia De Am\u00edgdalas E Aden\u00f3ides - Marcia Silva","isPartOf":{"@id":"https:\/\/saltcomunicacao.com.br\/marciasilva\/#website"},"datePublished":"2023-06-15T19:09:56+00:00","dateModified":"2023-06-19T20:43:27+00:00","breadcrumb":{"@id":"https:\/\/saltcomunicacao.com.br\/marciasilva\/procedimentos\/doencas-clinicas\/hipertrofia-de-amigdalas-e-adenoides\/#breadcrumb"},"inLanguage":"pt-BR","potentialAction":[{"@type":"ReadAction","target":["https:\/\/saltcomunicacao.com.br\/marciasilva\/procedimentos\/doencas-clinicas\/hipertrofia-de-amigdalas-e-adenoides\/"]}]},{"@type":"BreadcrumbList","@id":"https:\/\/saltcomunicacao.com.br\/marciasilva\/procedimentos\/doencas-clinicas\/hipertrofia-de-amigdalas-e-adenoides\/#breadcrumb","itemListElement":[{"@type":"ListItem","position":1,"name":"In\u00edcio","item":"https:\/\/saltcomunicacao.com.br\/marciasilva\/"},{"@type":"ListItem","position":2,"name":"Procedimentos","item":"https:\/\/saltcomunicacao.com.br\/marciasilva\/procedimentos\/"},{"@type":"ListItem","position":3,"name":"Doen\u00e7as cl\u00ednicas","item":"https:\/\/saltcomunicacao.com.br\/marciasilva\/procedimentos\/doencas-clinicas\/"},{"@type":"ListItem","position":4,"name":"Hipertrofia De Am\u00edgdalas E Aden\u00f3ides"}]},{"@type":"WebSite","@id":"https:\/\/saltcomunicacao.com.br\/marciasilva\/#website","url":"https:\/\/saltcomunicacao.com.br\/marciasilva\/","name":"M\u00e1rcia Silva","description":"A harmonia perfeita entre forma e fun\u00e7\u00e3o do nariz","publisher":{"@id":"https:\/\/saltcomunicacao.com.br\/marciasilva\/#\/schema\/person\/01510f84292eaf8d7e87a403808f527f"},"potentialAction":[{"@type":"SearchAction","target":{"@type":"EntryPoint","urlTemplate":"https:\/\/saltcomunicacao.com.br\/marciasilva\/?s={search_term_string}"},"query-input":"required name=search_term_string"}],"inLanguage":"pt-BR"},{"@type":["Person","Organization"],"@id":"https:\/\/saltcomunicacao.com.br\/marciasilva\/#\/schema\/person\/01510f84292eaf8d7e87a403808f527f","name":"salt","image":{"@type":"ImageObject","inLanguage":"pt-BR","@id":"https:\/\/saltcomunicacao.com.br\/marciasilva\/#\/schema\/person\/image\/","url":"https:\/\/saltcomunicacao.com.br\/marciasilva\/wp-content\/uploads\/2023\/06\/Group-134.jpg","contentUrl":"https:\/\/saltcomunicacao.com.br\/marciasilva\/wp-content\/uploads\/2023\/06\/Group-134.jpg","width":710,"height":923,"caption":"salt"},"logo":{"@id":"https:\/\/saltcomunicacao.com.br\/marciasilva\/#\/schema\/person\/image\/"},"sameAs":["https:\/\/saltcomunicacao.com.br\/marciasilva"]}]}},"_links":{"self":[{"href":"https:\/\/saltcomunicacao.com.br\/marciasilva\/wp-json\/wp\/v2\/pages\/93"}],"collection":[{"href":"https:\/\/saltcomunicacao.com.br\/marciasilva\/wp-json\/wp\/v2\/pages"}],"about":[{"href":"https:\/\/saltcomunicacao.com.br\/marciasilva\/wp-json\/wp\/v2\/types\/page"}],"author":[{"embeddable":true,"href":"https:\/\/saltcomunicacao.com.br\/marciasilva\/wp-json\/wp\/v2\/users\/1"}],"replies":[{"embeddable":true,"href":"https:\/\/saltcomunicacao.com.br\/marciasilva\/wp-json\/wp\/v2\/comments?post=93"}],"version-history":[{"count":1,"href":"https:\/\/saltcomunicacao.com.br\/marciasilva\/wp-json\/wp\/v2\/pages\/93\/revisions"}],"predecessor-version":[{"id":94,"href":"https:\/\/saltcomunicacao.com.br\/marciasilva\/wp-json\/wp\/v2\/pages\/93\/revisions\/94"}],"up":[{"embeddable":true,"href":"https:\/\/saltcomunicacao.com.br\/marciasilva\/wp-json\/wp\/v2\/pages\/63"}],"wp:featuredmedia":[{"embeddable":true,"href":"https:\/\/saltcomunicacao.com.br\/marciasilva\/wp-json\/wp\/v2\/media\/116"}],"wp:attachment":[{"href":"https:\/\/saltcomunicacao.com.br\/marciasilva\/wp-json\/wp\/v2\/media?parent=93"}],"curies":[{"name":"wp","href":"https:\/\/api.w.org\/{rel}","templated":true}]}}