{"id":89,"date":"2023-06-15T16:09:25","date_gmt":"2023-06-15T19:09:25","guid":{"rendered":"https:\/\/saltcomunicacao.com.br\/marciasilva\/?page_id=89"},"modified":"2023-06-19T17:35:41","modified_gmt":"2023-06-19T20:35:41","slug":"desvio-do-septo-nasal","status":"publish","type":"page","link":"https:\/\/saltcomunicacao.com.br\/marciasilva\/procedimentos\/doencas-clinicas\/desvio-do-septo-nasal\/","title":{"rendered":"Desvio Do Septo Nasal"},"content":{"rendered":"<p><span style=\"font-weight: 400;\">O septo nasal, composto por osso e cartilagem, \u00e9 respons\u00e1vel por dividir o nariz ao meio. Quando essa estrutura est\u00e1 &#8220;torta&#8221; ou &#8220;desviada&#8221; para um dos lados, pode levar \u00e0 obstru\u00e7\u00e3o nasal.<\/span><\/p>\n<p>&nbsp;<\/p>\n<p><span style=\"font-weight: 400;\">O desvio pode ser cong\u00eanito ou adquirido ao longo da vida, resultante de pequenos traumas na inf\u00e2ncia e adolesc\u00eancia, fratura do nariz ou malforma\u00e7\u00e3o da face.<\/span><\/p>\n<p>&nbsp;<\/p>\n<p><span style=\"font-weight: 400;\">Embora o desvio do septo possa causar obstru\u00e7\u00e3o nasal, nem sempre resulta em deformidades na estrutura do nariz.<\/span><\/p>\n<p>&nbsp;<\/p>\n<p><span style=\"font-weight: 400;\">N\u00e3o existem medicamentos capazes de corrigir o desvio do septo. A cirurgia \u00e9 a melhor op\u00e7\u00e3o para pacientes que apresentam dificuldade respirat\u00f3ria devido ao desvio do septo.<\/span><\/p>\n","protected":false},"excerpt":{"rendered":"<p>O septo nasal, composto por osso e cartilagem, \u00e9 respons\u00e1vel por dividir o nariz ao [&hellip;]<\/p>\n","protected":false},"author":1,"featured_media":114,"parent":63,"menu_order":0,"comment_status":"closed","ping_status":"closed","template":"page-tratamentos.php","meta":[],"acf":[],"yoast_head":"<!-- This site is optimized with the Yoast SEO plugin v20.9 - https:\/\/yoast.com\/wordpress\/plugins\/seo\/ -->\n<title>Desvio Do Septo Nasal - Marcia Silva<\/title>\n<meta name=\"robots\" content=\"index, follow, max-snippet:-1, max-image-preview:large, max-video-preview:-1\" \/>\n<link rel=\"canonical\" href=\"https:\/\/saltcomunicacao.com.br\/marciasilva\/procedimentos\/doencas-clinicas\/desvio-do-septo-nasal\/\" \/>\n<meta property=\"og:locale\" content=\"pt_BR\" \/>\n<meta property=\"og:type\" content=\"article\" \/>\n<meta property=\"og:title\" content=\"Desvio Do Septo Nasal - Marcia Silva\" \/>\n<meta property=\"og:description\" content=\"O septo nasal, composto por osso e cartilagem, \u00e9 respons\u00e1vel por dividir o nariz ao [&hellip;]\" \/>\n<meta property=\"og:url\" content=\"https:\/\/saltcomunicacao.com.br\/marciasilva\/procedimentos\/doencas-clinicas\/desvio-do-septo-nasal\/\" \/>\n<meta property=\"og:site_name\" content=\"Marcia Silva\" \/>\n<meta property=\"article:modified_time\" content=\"2023-06-19T20:35:41+00:00\" \/>\n<meta property=\"og:image\" content=\"https:\/\/saltcomunicacao.com.br\/marciasilva\/wp-content\/uploads\/2023\/06\/Desvio-Do-Septo-Nasal.jpg\" \/>\n\t<meta property=\"og:image:width\" content=\"740\" \/>\n\t<meta property=\"og:image:height\" content=\"380\" \/>\n\t<meta property=\"og:image:type\" content=\"image\/jpeg\" \/>\n<meta name=\"twitter:card\" content=\"summary_large_image\" \/>\n<meta name=\"twitter:label1\" content=\"Est. tempo de leitura\" \/>\n\t<meta name=\"twitter:data1\" content=\"1 minuto\" \/>\n<script type=\"application\/ld+json\" class=\"yoast-schema-graph\">{\"@context\":\"https:\/\/schema.org\",\"@graph\":[{\"@type\":\"WebPage\",\"@id\":\"https:\/\/saltcomunicacao.com.br\/marciasilva\/procedimentos\/doencas-clinicas\/desvio-do-septo-nasal\/\",\"url\":\"https:\/\/saltcomunicacao.com.br\/marciasilva\/procedimentos\/doencas-clinicas\/desvio-do-septo-nasal\/\",\"name\":\"Desvio Do Septo Nasal - Marcia Silva\",\"isPartOf\":{\"@id\":\"https:\/\/saltcomunicacao.com.br\/marciasilva\/#website\"},\"datePublished\":\"2023-06-15T19:09:25+00:00\",\"dateModified\":\"2023-06-19T20:35:41+00:00\",\"breadcrumb\":{\"@id\":\"https:\/\/saltcomunicacao.com.br\/marciasilva\/procedimentos\/doencas-clinicas\/desvio-do-septo-nasal\/#breadcrumb\"},\"inLanguage\":\"pt-BR\",\"potentialAction\":[{\"@type\":\"ReadAction\",\"target\":[\"https:\/\/saltcomunicacao.com.br\/marciasilva\/procedimentos\/doencas-clinicas\/desvio-do-septo-nasal\/\"]}]},{\"@type\":\"BreadcrumbList\",\"@id\":\"https:\/\/saltcomunicacao.com.br\/marciasilva\/procedimentos\/doencas-clinicas\/desvio-do-septo-nasal\/#breadcrumb\",\"itemListElement\":[{\"@type\":\"ListItem\",\"position\":1,\"name\":\"In\u00edcio\",\"item\":\"https:\/\/saltcomunicacao.com.br\/marciasilva\/\"},{\"@type\":\"ListItem\",\"position\":2,\"name\":\"Procedimentos\",\"item\":\"https:\/\/saltcomunicacao.com.br\/marciasilva\/procedimentos\/\"},{\"@type\":\"ListItem\",\"position\":3,\"name\":\"Doen\u00e7as cl\u00ednicas\",\"item\":\"https:\/\/saltcomunicacao.com.br\/marciasilva\/procedimentos\/doencas-clinicas\/\"},{\"@type\":\"ListItem\",\"position\":4,\"name\":\"Desvio Do Septo Nasal\"}]},{\"@type\":\"WebSite\",\"@id\":\"https:\/\/saltcomunicacao.com.br\/marciasilva\/#website\",\"url\":\"https:\/\/saltcomunicacao.com.br\/marciasilva\/\",\"name\":\"M\u00e1rcia Silva\",\"description\":\"A harmonia perfeita entre forma e fun\u00e7\u00e3o do nariz\",\"publisher\":{\"@id\":\"https:\/\/saltcomunicacao.com.br\/marciasilva\/#\/schema\/person\/01510f84292eaf8d7e87a403808f527f\"},\"potentialAction\":[{\"@type\":\"SearchAction\",\"target\":{\"@type\":\"EntryPoint\",\"urlTemplate\":\"https:\/\/saltcomunicacao.com.br\/marciasilva\/?s={search_term_string}\"},\"query-input\":\"required name=search_term_string\"}],\"inLanguage\":\"pt-BR\"},{\"@type\":[\"Person\",\"Organization\"],\"@id\":\"https:\/\/saltcomunicacao.com.br\/marciasilva\/#\/schema\/person\/01510f84292eaf8d7e87a403808f527f\",\"name\":\"salt\",\"image\":{\"@type\":\"ImageObject\",\"inLanguage\":\"pt-BR\",\"@id\":\"https:\/\/saltcomunicacao.com.br\/marciasilva\/#\/schema\/person\/image\/\",\"url\":\"https:\/\/saltcomunicacao.com.br\/marciasilva\/wp-content\/uploads\/2023\/06\/Group-134.jpg\",\"contentUrl\":\"https:\/\/saltcomunicacao.com.br\/marciasilva\/wp-content\/uploads\/2023\/06\/Group-134.jpg\",\"width\":710,\"height\":923,\"caption\":\"salt\"},\"logo\":{\"@id\":\"https:\/\/saltcomunicacao.com.br\/marciasilva\/#\/schema\/person\/image\/\"},\"sameAs\":[\"https:\/\/saltcomunicacao.com.br\/marciasilva\"]}]}<\/script>\n<!-- \/ Yoast SEO plugin. -->","yoast_head_json":{"title":"Desvio Do Septo Nasal - Marcia Silva","robots":{"index":"index","follow":"follow","max-snippet":"max-snippet:-1","max-image-preview":"max-image-preview:large","max-video-preview":"max-video-preview:-1"},"canonical":"https:\/\/saltcomunicacao.com.br\/marciasilva\/procedimentos\/doencas-clinicas\/desvio-do-septo-nasal\/","og_locale":"pt_BR","og_type":"article","og_title":"Desvio Do Septo Nasal - Marcia Silva","og_description":"O septo nasal, composto por osso e cartilagem, \u00e9 respons\u00e1vel por dividir o nariz ao [&hellip;]","og_url":"https:\/\/saltcomunicacao.com.br\/marciasilva\/procedimentos\/doencas-clinicas\/desvio-do-septo-nasal\/","og_site_name":"Marcia Silva","article_modified_time":"2023-06-19T20:35:41+00:00","og_image":[{"width":740,"height":380,"url":"https:\/\/saltcomunicacao.com.br\/marciasilva\/wp-content\/uploads\/2023\/06\/Desvio-Do-Septo-Nasal.jpg","type":"image\/jpeg"}],"twitter_card":"summary_large_image","twitter_misc":{"Est. tempo de leitura":"1 minuto"},"schema":{"@context":"https:\/\/schema.org","@graph":[{"@type":"WebPage","@id":"https:\/\/saltcomunicacao.com.br\/marciasilva\/procedimentos\/doencas-clinicas\/desvio-do-septo-nasal\/","url":"https:\/\/saltcomunicacao.com.br\/marciasilva\/procedimentos\/doencas-clinicas\/desvio-do-septo-nasal\/","name":"Desvio Do Septo Nasal - Marcia Silva","isPartOf":{"@id":"https:\/\/saltcomunicacao.com.br\/marciasilva\/#website"},"datePublished":"2023-06-15T19:09:25+00:00","dateModified":"2023-06-19T20:35:41+00:00","breadcrumb":{"@id":"https:\/\/saltcomunicacao.com.br\/marciasilva\/procedimentos\/doencas-clinicas\/desvio-do-septo-nasal\/#breadcrumb"},"inLanguage":"pt-BR","potentialAction":[{"@type":"ReadAction","target":["https:\/\/saltcomunicacao.com.br\/marciasilva\/procedimentos\/doencas-clinicas\/desvio-do-septo-nasal\/"]}]},{"@type":"BreadcrumbList","@id":"https:\/\/saltcomunicacao.com.br\/marciasilva\/procedimentos\/doencas-clinicas\/desvio-do-septo-nasal\/#breadcrumb","itemListElement":[{"@type":"ListItem","position":1,"name":"In\u00edcio","item":"https:\/\/saltcomunicacao.com.br\/marciasilva\/"},{"@type":"ListItem","position":2,"name":"Procedimentos","item":"https:\/\/saltcomunicacao.com.br\/marciasilva\/procedimentos\/"},{"@type":"ListItem","position":3,"name":"Doen\u00e7as cl\u00ednicas","item":"https:\/\/saltcomunicacao.com.br\/marciasilva\/procedimentos\/doencas-clinicas\/"},{"@type":"ListItem","position":4,"name":"Desvio Do Septo Nasal"}]},{"@type":"WebSite","@id":"https:\/\/saltcomunicacao.com.br\/marciasilva\/#website","url":"https:\/\/saltcomunicacao.com.br\/marciasilva\/","name":"M\u00e1rcia Silva","description":"A harmonia perfeita entre forma e fun\u00e7\u00e3o do nariz","publisher":{"@id":"https:\/\/saltcomunicacao.com.br\/marciasilva\/#\/schema\/person\/01510f84292eaf8d7e87a403808f527f"},"potentialAction":[{"@type":"SearchAction","target":{"@type":"EntryPoint","urlTemplate":"https:\/\/saltcomunicacao.com.br\/marciasilva\/?s={search_term_string}"},"query-input":"required name=search_term_string"}],"inLanguage":"pt-BR"},{"@type":["Person","Organization"],"@id":"https:\/\/saltcomunicacao.com.br\/marciasilva\/#\/schema\/person\/01510f84292eaf8d7e87a403808f527f","name":"salt","image":{"@type":"ImageObject","inLanguage":"pt-BR","@id":"https:\/\/saltcomunicacao.com.br\/marciasilva\/#\/schema\/person\/image\/","url":"https:\/\/saltcomunicacao.com.br\/marciasilva\/wp-content\/uploads\/2023\/06\/Group-134.jpg","contentUrl":"https:\/\/saltcomunicacao.com.br\/marciasilva\/wp-content\/uploads\/2023\/06\/Group-134.jpg","width":710,"height":923,"caption":"salt"},"logo":{"@id":"https:\/\/saltcomunicacao.com.br\/marciasilva\/#\/schema\/person\/image\/"},"sameAs":["https:\/\/saltcomunicacao.com.br\/marciasilva"]}]}},"_links":{"self":[{"href":"https:\/\/saltcomunicacao.com.br\/marciasilva\/wp-json\/wp\/v2\/pages\/89"}],"collection":[{"href":"https:\/\/saltcomunicacao.com.br\/marciasilva\/wp-json\/wp\/v2\/pages"}],"about":[{"href":"https:\/\/saltcomunicacao.com.br\/marciasilva\/wp-json\/wp\/v2\/types\/page"}],"author":[{"embeddable":true,"href":"https:\/\/saltcomunicacao.com.br\/marciasilva\/wp-json\/wp\/v2\/users\/1"}],"replies":[{"embeddable":true,"href":"https:\/\/saltcomunicacao.com.br\/marciasilva\/wp-json\/wp\/v2\/comments?post=89"}],"version-history":[{"count":1,"href":"https:\/\/saltcomunicacao.com.br\/marciasilva\/wp-json\/wp\/v2\/pages\/89\/revisions"}],"predecessor-version":[{"id":90,"href":"https:\/\/saltcomunicacao.com.br\/marciasilva\/wp-json\/wp\/v2\/pages\/89\/revisions\/90"}],"up":[{"embeddable":true,"href":"https:\/\/saltcomunicacao.com.br\/marciasilva\/wp-json\/wp\/v2\/pages\/63"}],"wp:featuredmedia":[{"embeddable":true,"href":"https:\/\/saltcomunicacao.com.br\/marciasilva\/wp-json\/wp\/v2\/media\/114"}],"wp:attachment":[{"href":"https:\/\/saltcomunicacao.com.br\/marciasilva\/wp-json\/wp\/v2\/media?parent=89"}],"curies":[{"name":"wp","href":"https:\/\/api.w.org\/{rel}","templated":true}]}}