{"id":79,"date":"2023-06-15T15:46:40","date_gmt":"2023-06-15T18:46:40","guid":{"rendered":"https:\/\/saltcomunicacao.com.br\/marciasilva\/?page_id=79"},"modified":"2023-06-20T17:19:29","modified_gmt":"2023-06-20T20:19:29","slug":"uvulopalatofaringoplastia","status":"publish","type":"page","link":"https:\/\/saltcomunicacao.com.br\/marciasilva\/procedimentos\/cirurgias-funcionais\/uvulopalatofaringoplastia\/","title":{"rendered":"Uvulopalatofaringoplastia"},"content":{"rendered":"<p><span style=\"font-weight: 400;\">A uvulopalatofaringoplastia \u00e9 uma cirurgia que busca melhorar o ronco e a apn\u00e9ia, ampliando a passagem de ar pela garganta e evitando o colapso dos tecidos durante o sono. Para isso, s\u00e3o removidos o excesso de tecido mucoso da faringe, do palato, da \u00favula e das am\u00edgdalas, al\u00e9m do reposicionamento da musculatura far\u00edngea. A cirurgia \u00e9 realizada pela cavidade oral, sob anestesia geral e com o aux\u00edlio de laser ou radiofrequ\u00eancia.\u00a0<\/span><\/p>\n<p>&nbsp;<\/p>\n<p><b>P\u00f3s-operat\u00f3rio:\u00a0<\/b><\/p>\n<p>&nbsp;<\/p>\n<p><span style=\"font-weight: 400;\">No p\u00f3s-operat\u00f3rio, \u00e9 recomendado que o paciente permane\u00e7a em repouso por 7 a 10 dias e evite atividades f\u00edsicas por 21 dias. A alimenta\u00e7\u00e3o deve ser l\u00edquida e fria\/gelada nos primeiros 3 dias, com uma progress\u00e3o gradual para a dieta habitual ao longo de uma semana.<\/span><\/p>\n","protected":false},"excerpt":{"rendered":"<p>A uvulopalatofaringoplastia \u00e9 uma cirurgia que busca melhorar o ronco e a apn\u00e9ia, ampliando a [&hellip;]<\/p>\n","protected":false},"author":1,"featured_media":133,"parent":60,"menu_order":0,"comment_status":"closed","ping_status":"closed","template":"page-tratamentos.php","meta":[],"acf":[],"yoast_head":"<!-- This site is optimized with the Yoast SEO plugin v20.9 - https:\/\/yoast.com\/wordpress\/plugins\/seo\/ -->\n<title>Uvulopalatofaringoplastia - Marcia Silva<\/title>\n<meta name=\"robots\" content=\"index, follow, max-snippet:-1, max-image-preview:large, max-video-preview:-1\" \/>\n<link rel=\"canonical\" href=\"https:\/\/saltcomunicacao.com.br\/marciasilva\/procedimentos\/cirurgias-funcionais\/uvulopalatofaringoplastia\/\" \/>\n<meta property=\"og:locale\" content=\"pt_BR\" \/>\n<meta property=\"og:type\" content=\"article\" \/>\n<meta property=\"og:title\" content=\"Uvulopalatofaringoplastia - Marcia Silva\" \/>\n<meta property=\"og:description\" content=\"A uvulopalatofaringoplastia \u00e9 uma cirurgia que busca melhorar o ronco e a apn\u00e9ia, ampliando a [&hellip;]\" \/>\n<meta property=\"og:url\" content=\"https:\/\/saltcomunicacao.com.br\/marciasilva\/procedimentos\/cirurgias-funcionais\/uvulopalatofaringoplastia\/\" \/>\n<meta property=\"og:site_name\" content=\"Marcia Silva\" \/>\n<meta property=\"article:modified_time\" content=\"2023-06-20T20:19:29+00:00\" \/>\n<meta property=\"og:image\" content=\"https:\/\/saltcomunicacao.com.br\/marciasilva\/wp-content\/uploads\/2023\/06\/Shutterstock_187384970.jpg\" \/>\n\t<meta property=\"og:image:width\" content=\"740\" \/>\n\t<meta property=\"og:image:height\" content=\"380\" \/>\n\t<meta property=\"og:image:type\" content=\"image\/jpeg\" \/>\n<meta name=\"twitter:card\" content=\"summary_large_image\" \/>\n<meta name=\"twitter:label1\" content=\"Est. tempo de leitura\" \/>\n\t<meta name=\"twitter:data1\" content=\"1 minuto\" \/>\n<script type=\"application\/ld+json\" class=\"yoast-schema-graph\">{\"@context\":\"https:\/\/schema.org\",\"@graph\":[{\"@type\":\"WebPage\",\"@id\":\"https:\/\/saltcomunicacao.com.br\/marciasilva\/procedimentos\/cirurgias-funcionais\/uvulopalatofaringoplastia\/\",\"url\":\"https:\/\/saltcomunicacao.com.br\/marciasilva\/procedimentos\/cirurgias-funcionais\/uvulopalatofaringoplastia\/\",\"name\":\"Uvulopalatofaringoplastia - Marcia Silva\",\"isPartOf\":{\"@id\":\"https:\/\/saltcomunicacao.com.br\/marciasilva\/#website\"},\"datePublished\":\"2023-06-15T18:46:40+00:00\",\"dateModified\":\"2023-06-20T20:19:29+00:00\",\"breadcrumb\":{\"@id\":\"https:\/\/saltcomunicacao.com.br\/marciasilva\/procedimentos\/cirurgias-funcionais\/uvulopalatofaringoplastia\/#breadcrumb\"},\"inLanguage\":\"pt-BR\",\"potentialAction\":[{\"@type\":\"ReadAction\",\"target\":[\"https:\/\/saltcomunicacao.com.br\/marciasilva\/procedimentos\/cirurgias-funcionais\/uvulopalatofaringoplastia\/\"]}]},{\"@type\":\"BreadcrumbList\",\"@id\":\"https:\/\/saltcomunicacao.com.br\/marciasilva\/procedimentos\/cirurgias-funcionais\/uvulopalatofaringoplastia\/#breadcrumb\",\"itemListElement\":[{\"@type\":\"ListItem\",\"position\":1,\"name\":\"In\u00edcio\",\"item\":\"https:\/\/saltcomunicacao.com.br\/marciasilva\/\"},{\"@type\":\"ListItem\",\"position\":2,\"name\":\"Procedimentos\",\"item\":\"https:\/\/saltcomunicacao.com.br\/marciasilva\/procedimentos\/\"},{\"@type\":\"ListItem\",\"position\":3,\"name\":\"Cirurgias funcionais\",\"item\":\"https:\/\/saltcomunicacao.com.br\/marciasilva\/procedimentos\/cirurgias-funcionais\/\"},{\"@type\":\"ListItem\",\"position\":4,\"name\":\"Uvulopalatofaringoplastia\"}]},{\"@type\":\"WebSite\",\"@id\":\"https:\/\/saltcomunicacao.com.br\/marciasilva\/#website\",\"url\":\"https:\/\/saltcomunicacao.com.br\/marciasilva\/\",\"name\":\"M\u00e1rcia Silva\",\"description\":\"A harmonia perfeita entre forma e fun\u00e7\u00e3o do nariz\",\"publisher\":{\"@id\":\"https:\/\/saltcomunicacao.com.br\/marciasilva\/#\/schema\/person\/01510f84292eaf8d7e87a403808f527f\"},\"potentialAction\":[{\"@type\":\"SearchAction\",\"target\":{\"@type\":\"EntryPoint\",\"urlTemplate\":\"https:\/\/saltcomunicacao.com.br\/marciasilva\/?s={search_term_string}\"},\"query-input\":\"required name=search_term_string\"}],\"inLanguage\":\"pt-BR\"},{\"@type\":[\"Person\",\"Organization\"],\"@id\":\"https:\/\/saltcomunicacao.com.br\/marciasilva\/#\/schema\/person\/01510f84292eaf8d7e87a403808f527f\",\"name\":\"salt\",\"image\":{\"@type\":\"ImageObject\",\"inLanguage\":\"pt-BR\",\"@id\":\"https:\/\/saltcomunicacao.com.br\/marciasilva\/#\/schema\/person\/image\/\",\"url\":\"https:\/\/saltcomunicacao.com.br\/marciasilva\/wp-content\/uploads\/2023\/06\/Group-134.jpg\",\"contentUrl\":\"https:\/\/saltcomunicacao.com.br\/marciasilva\/wp-content\/uploads\/2023\/06\/Group-134.jpg\",\"width\":710,\"height\":923,\"caption\":\"salt\"},\"logo\":{\"@id\":\"https:\/\/saltcomunicacao.com.br\/marciasilva\/#\/schema\/person\/image\/\"},\"sameAs\":[\"https:\/\/saltcomunicacao.com.br\/marciasilva\"]}]}<\/script>\n<!-- \/ Yoast SEO plugin. -->","yoast_head_json":{"title":"Uvulopalatofaringoplastia - Marcia Silva","robots":{"index":"index","follow":"follow","max-snippet":"max-snippet:-1","max-image-preview":"max-image-preview:large","max-video-preview":"max-video-preview:-1"},"canonical":"https:\/\/saltcomunicacao.com.br\/marciasilva\/procedimentos\/cirurgias-funcionais\/uvulopalatofaringoplastia\/","og_locale":"pt_BR","og_type":"article","og_title":"Uvulopalatofaringoplastia - Marcia Silva","og_description":"A uvulopalatofaringoplastia \u00e9 uma cirurgia que busca melhorar o ronco e a apn\u00e9ia, ampliando a [&hellip;]","og_url":"https:\/\/saltcomunicacao.com.br\/marciasilva\/procedimentos\/cirurgias-funcionais\/uvulopalatofaringoplastia\/","og_site_name":"Marcia Silva","article_modified_time":"2023-06-20T20:19:29+00:00","og_image":[{"width":740,"height":380,"url":"https:\/\/saltcomunicacao.com.br\/marciasilva\/wp-content\/uploads\/2023\/06\/Shutterstock_187384970.jpg","type":"image\/jpeg"}],"twitter_card":"summary_large_image","twitter_misc":{"Est. tempo de leitura":"1 minuto"},"schema":{"@context":"https:\/\/schema.org","@graph":[{"@type":"WebPage","@id":"https:\/\/saltcomunicacao.com.br\/marciasilva\/procedimentos\/cirurgias-funcionais\/uvulopalatofaringoplastia\/","url":"https:\/\/saltcomunicacao.com.br\/marciasilva\/procedimentos\/cirurgias-funcionais\/uvulopalatofaringoplastia\/","name":"Uvulopalatofaringoplastia - Marcia Silva","isPartOf":{"@id":"https:\/\/saltcomunicacao.com.br\/marciasilva\/#website"},"datePublished":"2023-06-15T18:46:40+00:00","dateModified":"2023-06-20T20:19:29+00:00","breadcrumb":{"@id":"https:\/\/saltcomunicacao.com.br\/marciasilva\/procedimentos\/cirurgias-funcionais\/uvulopalatofaringoplastia\/#breadcrumb"},"inLanguage":"pt-BR","potentialAction":[{"@type":"ReadAction","target":["https:\/\/saltcomunicacao.com.br\/marciasilva\/procedimentos\/cirurgias-funcionais\/uvulopalatofaringoplastia\/"]}]},{"@type":"BreadcrumbList","@id":"https:\/\/saltcomunicacao.com.br\/marciasilva\/procedimentos\/cirurgias-funcionais\/uvulopalatofaringoplastia\/#breadcrumb","itemListElement":[{"@type":"ListItem","position":1,"name":"In\u00edcio","item":"https:\/\/saltcomunicacao.com.br\/marciasilva\/"},{"@type":"ListItem","position":2,"name":"Procedimentos","item":"https:\/\/saltcomunicacao.com.br\/marciasilva\/procedimentos\/"},{"@type":"ListItem","position":3,"name":"Cirurgias funcionais","item":"https:\/\/saltcomunicacao.com.br\/marciasilva\/procedimentos\/cirurgias-funcionais\/"},{"@type":"ListItem","position":4,"name":"Uvulopalatofaringoplastia"}]},{"@type":"WebSite","@id":"https:\/\/saltcomunicacao.com.br\/marciasilva\/#website","url":"https:\/\/saltcomunicacao.com.br\/marciasilva\/","name":"M\u00e1rcia Silva","description":"A harmonia perfeita entre forma e fun\u00e7\u00e3o do nariz","publisher":{"@id":"https:\/\/saltcomunicacao.com.br\/marciasilva\/#\/schema\/person\/01510f84292eaf8d7e87a403808f527f"},"potentialAction":[{"@type":"SearchAction","target":{"@type":"EntryPoint","urlTemplate":"https:\/\/saltcomunicacao.com.br\/marciasilva\/?s={search_term_string}"},"query-input":"required name=search_term_string"}],"inLanguage":"pt-BR"},{"@type":["Person","Organization"],"@id":"https:\/\/saltcomunicacao.com.br\/marciasilva\/#\/schema\/person\/01510f84292eaf8d7e87a403808f527f","name":"salt","image":{"@type":"ImageObject","inLanguage":"pt-BR","@id":"https:\/\/saltcomunicacao.com.br\/marciasilva\/#\/schema\/person\/image\/","url":"https:\/\/saltcomunicacao.com.br\/marciasilva\/wp-content\/uploads\/2023\/06\/Group-134.jpg","contentUrl":"https:\/\/saltcomunicacao.com.br\/marciasilva\/wp-content\/uploads\/2023\/06\/Group-134.jpg","width":710,"height":923,"caption":"salt"},"logo":{"@id":"https:\/\/saltcomunicacao.com.br\/marciasilva\/#\/schema\/person\/image\/"},"sameAs":["https:\/\/saltcomunicacao.com.br\/marciasilva"]}]}},"_links":{"self":[{"href":"https:\/\/saltcomunicacao.com.br\/marciasilva\/wp-json\/wp\/v2\/pages\/79"}],"collection":[{"href":"https:\/\/saltcomunicacao.com.br\/marciasilva\/wp-json\/wp\/v2\/pages"}],"about":[{"href":"https:\/\/saltcomunicacao.com.br\/marciasilva\/wp-json\/wp\/v2\/types\/page"}],"author":[{"embeddable":true,"href":"https:\/\/saltcomunicacao.com.br\/marciasilva\/wp-json\/wp\/v2\/users\/1"}],"replies":[{"embeddable":true,"href":"https:\/\/saltcomunicacao.com.br\/marciasilva\/wp-json\/wp\/v2\/comments?post=79"}],"version-history":[{"count":3,"href":"https:\/\/saltcomunicacao.com.br\/marciasilva\/wp-json\/wp\/v2\/pages\/79\/revisions"}],"predecessor-version":[{"id":126,"href":"https:\/\/saltcomunicacao.com.br\/marciasilva\/wp-json\/wp\/v2\/pages\/79\/revisions\/126"}],"up":[{"embeddable":true,"href":"https:\/\/saltcomunicacao.com.br\/marciasilva\/wp-json\/wp\/v2\/pages\/60"}],"wp:featuredmedia":[{"embeddable":true,"href":"https:\/\/saltcomunicacao.com.br\/marciasilva\/wp-json\/wp\/v2\/media\/133"}],"wp:attachment":[{"href":"https:\/\/saltcomunicacao.com.br\/marciasilva\/wp-json\/wp\/v2\/media?parent=79"}],"curies":[{"name":"wp","href":"https:\/\/api.w.org\/{rel}","templated":true}]}}