{"id":77,"date":"2023-06-15T15:46:22","date_gmt":"2023-06-15T18:46:22","guid":{"rendered":"https:\/\/saltcomunicacao.com.br\/marciasilva\/?page_id=77"},"modified":"2023-06-20T17:12:08","modified_gmt":"2023-06-20T20:12:08","slug":"amigdalectomia","status":"publish","type":"page","link":"https:\/\/saltcomunicacao.com.br\/marciasilva\/procedimentos\/cirurgias-funcionais\/amigdalectomia\/","title":{"rendered":"Amigdalectomia"},"content":{"rendered":"<p><span style=\"font-weight: 400;\">Amigdalectomia \u00e9 o procedimento cir\u00fargico que remove as am\u00edgdalas, duas gl\u00e2ndulas localizadas no final da garganta que atuam na imunidade, protegendo contra a invas\u00e3o de microorganismos pela cavidade oral. Assim como as aden\u00f3ides, elas n\u00e3o s\u00e3o essenciais para a defesa do organismo e sua remo\u00e7\u00e3o n\u00e3o traz preju\u00edzos ao paciente.<\/span><\/p>\n<p>&nbsp;<\/p>\n<p><span style=\"font-weight: 400;\">A cirurgia \u00e9 indicada em casos de crescimento excessivo (hipertrofia de am\u00edgdalas) que causam obstru\u00e7\u00e3o respirat\u00f3ria, roncos com apn\u00e9ia obstrutiva do sono, infec\u00e7\u00f5es de repeti\u00e7\u00e3o com necessidade recorrente de antibi\u00f3ticos, halitose causada pelo ac\u00famulo de res\u00edduos (caseum) nas am\u00edgdalas e abscesso periamigdaliano.<\/span><\/p>\n<p>&nbsp;<\/p>\n<p><span style=\"font-weight: 400;\">O procedimento \u00e9 realizado sob anestesia geral e a alta \u00e9 dada no dia seguinte \u00e0 cirurgia. As am\u00edgdalas s\u00e3o removidas pela cavidade oral, podendo ser utilizados laser, radiofrequ\u00eancia ou pin\u00e7a bipolar e caut\u00e9rio, sem a necessidade de deslocamento da mand\u00edbula.<\/span><\/p>\n<p>&nbsp;<\/p>\n<p><b>P\u00f3s-operat\u00f3rio:\u00a0<\/b><\/p>\n<p>&nbsp;<\/p>\n<p><span style=\"font-weight: 400;\">No p\u00f3s-operat\u00f3rio, o paciente deve permanecer em repouso por 7 a 10 dias e evitar atividade f\u00edsica por 21 dias. A alimenta\u00e7\u00e3o deve ser l\u00edquida e fria\/gelada nos primeiros 3 dias, com progress\u00e3o gradual para a dieta habitual ao longo de uma semana.<\/span><\/p>\n","protected":false},"excerpt":{"rendered":"<p>Amigdalectomia \u00e9 o procedimento cir\u00fargico que remove as am\u00edgdalas, duas gl\u00e2ndulas localizadas no final da [&hellip;]<\/p>\n","protected":false},"author":1,"featured_media":130,"parent":60,"menu_order":0,"comment_status":"closed","ping_status":"closed","template":"page-tratamentos.php","meta":[],"acf":[],"yoast_head":"<!-- This site is optimized with the Yoast SEO plugin v20.9 - https:\/\/yoast.com\/wordpress\/plugins\/seo\/ -->\n<title>Amigdalectomia - Marcia Silva<\/title>\n<meta name=\"robots\" content=\"index, follow, max-snippet:-1, max-image-preview:large, max-video-preview:-1\" \/>\n<link rel=\"canonical\" href=\"https:\/\/saltcomunicacao.com.br\/marciasilva\/procedimentos\/cirurgias-funcionais\/amigdalectomia\/\" \/>\n<meta property=\"og:locale\" content=\"pt_BR\" \/>\n<meta property=\"og:type\" content=\"article\" \/>\n<meta property=\"og:title\" content=\"Amigdalectomia - Marcia Silva\" \/>\n<meta property=\"og:description\" content=\"Amigdalectomia \u00e9 o procedimento cir\u00fargico que remove as am\u00edgdalas, duas gl\u00e2ndulas localizadas no final da [&hellip;]\" \/>\n<meta property=\"og:url\" content=\"https:\/\/saltcomunicacao.com.br\/marciasilva\/procedimentos\/cirurgias-funcionais\/amigdalectomia\/\" \/>\n<meta property=\"og:site_name\" content=\"Marcia Silva\" \/>\n<meta property=\"article:modified_time\" content=\"2023-06-20T20:12:08+00:00\" \/>\n<meta property=\"og:image\" content=\"https:\/\/saltcomunicacao.com.br\/marciasilva\/wp-content\/uploads\/2023\/06\/Shutterstock_2159881143.jpg\" \/>\n\t<meta property=\"og:image:width\" content=\"740\" \/>\n\t<meta property=\"og:image:height\" content=\"380\" \/>\n\t<meta property=\"og:image:type\" content=\"image\/jpeg\" \/>\n<meta name=\"twitter:card\" content=\"summary_large_image\" \/>\n<meta name=\"twitter:label1\" content=\"Est. tempo de leitura\" \/>\n\t<meta name=\"twitter:data1\" content=\"1 minuto\" \/>\n<script type=\"application\/ld+json\" class=\"yoast-schema-graph\">{\"@context\":\"https:\/\/schema.org\",\"@graph\":[{\"@type\":\"WebPage\",\"@id\":\"https:\/\/saltcomunicacao.com.br\/marciasilva\/procedimentos\/cirurgias-funcionais\/amigdalectomia\/\",\"url\":\"https:\/\/saltcomunicacao.com.br\/marciasilva\/procedimentos\/cirurgias-funcionais\/amigdalectomia\/\",\"name\":\"Amigdalectomia - Marcia Silva\",\"isPartOf\":{\"@id\":\"https:\/\/saltcomunicacao.com.br\/marciasilva\/#website\"},\"datePublished\":\"2023-06-15T18:46:22+00:00\",\"dateModified\":\"2023-06-20T20:12:08+00:00\",\"breadcrumb\":{\"@id\":\"https:\/\/saltcomunicacao.com.br\/marciasilva\/procedimentos\/cirurgias-funcionais\/amigdalectomia\/#breadcrumb\"},\"inLanguage\":\"pt-BR\",\"potentialAction\":[{\"@type\":\"ReadAction\",\"target\":[\"https:\/\/saltcomunicacao.com.br\/marciasilva\/procedimentos\/cirurgias-funcionais\/amigdalectomia\/\"]}]},{\"@type\":\"BreadcrumbList\",\"@id\":\"https:\/\/saltcomunicacao.com.br\/marciasilva\/procedimentos\/cirurgias-funcionais\/amigdalectomia\/#breadcrumb\",\"itemListElement\":[{\"@type\":\"ListItem\",\"position\":1,\"name\":\"In\u00edcio\",\"item\":\"https:\/\/saltcomunicacao.com.br\/marciasilva\/\"},{\"@type\":\"ListItem\",\"position\":2,\"name\":\"Procedimentos\",\"item\":\"https:\/\/saltcomunicacao.com.br\/marciasilva\/procedimentos\/\"},{\"@type\":\"ListItem\",\"position\":3,\"name\":\"Cirurgias funcionais\",\"item\":\"https:\/\/saltcomunicacao.com.br\/marciasilva\/procedimentos\/cirurgias-funcionais\/\"},{\"@type\":\"ListItem\",\"position\":4,\"name\":\"Amigdalectomia\"}]},{\"@type\":\"WebSite\",\"@id\":\"https:\/\/saltcomunicacao.com.br\/marciasilva\/#website\",\"url\":\"https:\/\/saltcomunicacao.com.br\/marciasilva\/\",\"name\":\"M\u00e1rcia Silva\",\"description\":\"A harmonia perfeita entre forma e fun\u00e7\u00e3o do nariz\",\"publisher\":{\"@id\":\"https:\/\/saltcomunicacao.com.br\/marciasilva\/#\/schema\/person\/01510f84292eaf8d7e87a403808f527f\"},\"potentialAction\":[{\"@type\":\"SearchAction\",\"target\":{\"@type\":\"EntryPoint\",\"urlTemplate\":\"https:\/\/saltcomunicacao.com.br\/marciasilva\/?s={search_term_string}\"},\"query-input\":\"required name=search_term_string\"}],\"inLanguage\":\"pt-BR\"},{\"@type\":[\"Person\",\"Organization\"],\"@id\":\"https:\/\/saltcomunicacao.com.br\/marciasilva\/#\/schema\/person\/01510f84292eaf8d7e87a403808f527f\",\"name\":\"salt\",\"image\":{\"@type\":\"ImageObject\",\"inLanguage\":\"pt-BR\",\"@id\":\"https:\/\/saltcomunicacao.com.br\/marciasilva\/#\/schema\/person\/image\/\",\"url\":\"https:\/\/saltcomunicacao.com.br\/marciasilva\/wp-content\/uploads\/2023\/06\/Group-134.jpg\",\"contentUrl\":\"https:\/\/saltcomunicacao.com.br\/marciasilva\/wp-content\/uploads\/2023\/06\/Group-134.jpg\",\"width\":710,\"height\":923,\"caption\":\"salt\"},\"logo\":{\"@id\":\"https:\/\/saltcomunicacao.com.br\/marciasilva\/#\/schema\/person\/image\/\"},\"sameAs\":[\"https:\/\/saltcomunicacao.com.br\/marciasilva\"]}]}<\/script>\n<!-- \/ Yoast SEO plugin. -->","yoast_head_json":{"title":"Amigdalectomia - Marcia Silva","robots":{"index":"index","follow":"follow","max-snippet":"max-snippet:-1","max-image-preview":"max-image-preview:large","max-video-preview":"max-video-preview:-1"},"canonical":"https:\/\/saltcomunicacao.com.br\/marciasilva\/procedimentos\/cirurgias-funcionais\/amigdalectomia\/","og_locale":"pt_BR","og_type":"article","og_title":"Amigdalectomia - Marcia Silva","og_description":"Amigdalectomia \u00e9 o procedimento cir\u00fargico que remove as am\u00edgdalas, duas gl\u00e2ndulas localizadas no final da [&hellip;]","og_url":"https:\/\/saltcomunicacao.com.br\/marciasilva\/procedimentos\/cirurgias-funcionais\/amigdalectomia\/","og_site_name":"Marcia Silva","article_modified_time":"2023-06-20T20:12:08+00:00","og_image":[{"width":740,"height":380,"url":"https:\/\/saltcomunicacao.com.br\/marciasilva\/wp-content\/uploads\/2023\/06\/Shutterstock_2159881143.jpg","type":"image\/jpeg"}],"twitter_card":"summary_large_image","twitter_misc":{"Est. tempo de leitura":"1 minuto"},"schema":{"@context":"https:\/\/schema.org","@graph":[{"@type":"WebPage","@id":"https:\/\/saltcomunicacao.com.br\/marciasilva\/procedimentos\/cirurgias-funcionais\/amigdalectomia\/","url":"https:\/\/saltcomunicacao.com.br\/marciasilva\/procedimentos\/cirurgias-funcionais\/amigdalectomia\/","name":"Amigdalectomia - Marcia Silva","isPartOf":{"@id":"https:\/\/saltcomunicacao.com.br\/marciasilva\/#website"},"datePublished":"2023-06-15T18:46:22+00:00","dateModified":"2023-06-20T20:12:08+00:00","breadcrumb":{"@id":"https:\/\/saltcomunicacao.com.br\/marciasilva\/procedimentos\/cirurgias-funcionais\/amigdalectomia\/#breadcrumb"},"inLanguage":"pt-BR","potentialAction":[{"@type":"ReadAction","target":["https:\/\/saltcomunicacao.com.br\/marciasilva\/procedimentos\/cirurgias-funcionais\/amigdalectomia\/"]}]},{"@type":"BreadcrumbList","@id":"https:\/\/saltcomunicacao.com.br\/marciasilva\/procedimentos\/cirurgias-funcionais\/amigdalectomia\/#breadcrumb","itemListElement":[{"@type":"ListItem","position":1,"name":"In\u00edcio","item":"https:\/\/saltcomunicacao.com.br\/marciasilva\/"},{"@type":"ListItem","position":2,"name":"Procedimentos","item":"https:\/\/saltcomunicacao.com.br\/marciasilva\/procedimentos\/"},{"@type":"ListItem","position":3,"name":"Cirurgias funcionais","item":"https:\/\/saltcomunicacao.com.br\/marciasilva\/procedimentos\/cirurgias-funcionais\/"},{"@type":"ListItem","position":4,"name":"Amigdalectomia"}]},{"@type":"WebSite","@id":"https:\/\/saltcomunicacao.com.br\/marciasilva\/#website","url":"https:\/\/saltcomunicacao.com.br\/marciasilva\/","name":"M\u00e1rcia Silva","description":"A harmonia perfeita entre forma e fun\u00e7\u00e3o do nariz","publisher":{"@id":"https:\/\/saltcomunicacao.com.br\/marciasilva\/#\/schema\/person\/01510f84292eaf8d7e87a403808f527f"},"potentialAction":[{"@type":"SearchAction","target":{"@type":"EntryPoint","urlTemplate":"https:\/\/saltcomunicacao.com.br\/marciasilva\/?s={search_term_string}"},"query-input":"required name=search_term_string"}],"inLanguage":"pt-BR"},{"@type":["Person","Organization"],"@id":"https:\/\/saltcomunicacao.com.br\/marciasilva\/#\/schema\/person\/01510f84292eaf8d7e87a403808f527f","name":"salt","image":{"@type":"ImageObject","inLanguage":"pt-BR","@id":"https:\/\/saltcomunicacao.com.br\/marciasilva\/#\/schema\/person\/image\/","url":"https:\/\/saltcomunicacao.com.br\/marciasilva\/wp-content\/uploads\/2023\/06\/Group-134.jpg","contentUrl":"https:\/\/saltcomunicacao.com.br\/marciasilva\/wp-content\/uploads\/2023\/06\/Group-134.jpg","width":710,"height":923,"caption":"salt"},"logo":{"@id":"https:\/\/saltcomunicacao.com.br\/marciasilva\/#\/schema\/person\/image\/"},"sameAs":["https:\/\/saltcomunicacao.com.br\/marciasilva"]}]}},"_links":{"self":[{"href":"https:\/\/saltcomunicacao.com.br\/marciasilva\/wp-json\/wp\/v2\/pages\/77"}],"collection":[{"href":"https:\/\/saltcomunicacao.com.br\/marciasilva\/wp-json\/wp\/v2\/pages"}],"about":[{"href":"https:\/\/saltcomunicacao.com.br\/marciasilva\/wp-json\/wp\/v2\/types\/page"}],"author":[{"embeddable":true,"href":"https:\/\/saltcomunicacao.com.br\/marciasilva\/wp-json\/wp\/v2\/users\/1"}],"replies":[{"embeddable":true,"href":"https:\/\/saltcomunicacao.com.br\/marciasilva\/wp-json\/wp\/v2\/comments?post=77"}],"version-history":[{"count":1,"href":"https:\/\/saltcomunicacao.com.br\/marciasilva\/wp-json\/wp\/v2\/pages\/77\/revisions"}],"predecessor-version":[{"id":78,"href":"https:\/\/saltcomunicacao.com.br\/marciasilva\/wp-json\/wp\/v2\/pages\/77\/revisions\/78"}],"up":[{"embeddable":true,"href":"https:\/\/saltcomunicacao.com.br\/marciasilva\/wp-json\/wp\/v2\/pages\/60"}],"wp:featuredmedia":[{"embeddable":true,"href":"https:\/\/saltcomunicacao.com.br\/marciasilva\/wp-json\/wp\/v2\/media\/130"}],"wp:attachment":[{"href":"https:\/\/saltcomunicacao.com.br\/marciasilva\/wp-json\/wp\/v2\/media?parent=77"}],"curies":[{"name":"wp","href":"https:\/\/api.w.org\/{rel}","templated":true}]}}