{"id":75,"date":"2023-06-15T15:46:03","date_gmt":"2023-06-15T18:46:03","guid":{"rendered":"https:\/\/saltcomunicacao.com.br\/marciasilva\/?page_id=75"},"modified":"2023-06-20T17:09:40","modified_gmt":"2023-06-20T20:09:40","slug":"adenoidectomia","status":"publish","type":"page","link":"https:\/\/saltcomunicacao.com.br\/marciasilva\/procedimentos\/cirurgias-funcionais\/adenoidectomia\/","title":{"rendered":"Adenoidectomia"},"content":{"rendered":"<p><span style=\"font-weight: 400;\">Essa cirurgia \u00e9 indicada para remo\u00e7\u00e3o das adenoides, um conjunto de tecidos de imunidade localizados no final do nariz, pr\u00f3ximo da garganta, presentes em todas as crian\u00e7as.\u00a0<\/span><\/p>\n<p>&nbsp;<\/p>\n<p><span style=\"font-weight: 400;\">Embora atuem na imunidade, auxiliando o organismo a combater microrganismos, elas perdem a fun\u00e7\u00e3o e diminuem de tamanho naturalmente por volta dos 6-8 anos e desaparecem ap\u00f3s a adolesc\u00eancia.<\/span><\/p>\n<p>&nbsp;<\/p>\n<p><span style=\"font-weight: 400;\">Contudo, em alguns casos, as aden\u00f3ides podem crescer excessivamente e causar obstru\u00e7\u00e3o nasal cr\u00f4nica, afetando a qualidade de vida do paciente e causando roncos intensos, apneia do sono, respira\u00e7\u00e3o oral, saliva\u00e7\u00e3o excessiva durante o sono e infec\u00e7\u00f5es de repeti\u00e7\u00e3o (otites e sinusites).<\/span><\/p>\n<p>&nbsp;<\/p>\n<p><span style=\"font-weight: 400;\">A cirurgia est\u00e1 indicada quando h\u00e1 crescimento excessivo (hipertrofia de aden\u00f3ides) causando obstru\u00e7\u00e3o nasal cr\u00f4nica que n\u00e3o melhora com medica\u00e7\u00e3o.<\/span><\/p>\n<p>&nbsp;<\/p>\n<p><span style=\"font-weight: 400;\">Realizada sob anestesia geral, a cirurgia pode ser feita pela cavidade oral, com aux\u00edlio de um abridor de boca em crian\u00e7as pequenas, ou por videoendoscopia, pelo nariz, em crian\u00e7as maiores e adultos, com aux\u00edlio do microdebridador. Em ambas as situa\u00e7\u00f5es n\u00e3o h\u00e1 cortes ou cicatrizes externas e n\u00e3o \u00e9 realizado deslocamento da mand\u00edbula.<\/span><\/p>\n<p>&nbsp;<\/p>\n<p><b>P\u00f3s-operat\u00f3rio:\u00a0<\/b><\/p>\n<p>&nbsp;<\/p>\n<p><span style=\"font-weight: 400;\">O paciente pode receber alta no mesmo dia ou no dia seguinte \u00e0 cirurgia e retornar \u00e0s suas atividades ap\u00f3s 7 dias.\u00a0<\/span><\/p>\n<p>&nbsp;<\/p>\n<p><span style=\"font-weight: 400;\">A hipertrofia de aden\u00f3ides \u00e9 uma causa importante de obstru\u00e7\u00e3o nasal em crian\u00e7as e, quando n\u00e3o tratada adequadamente, pode comprometer o crescimento, causar altera\u00e7\u00f5es de humor, irritabilidade devido \u00e0 m\u00e1 qualidade do sono, atrapalhar a alimenta\u00e7\u00e3o, causar deformidades craniofaciais permanentes, altera\u00e7\u00f5es na arcada dent\u00e1ria e deformidades tor\u00e1cicas devido ao esfor\u00e7o respirat\u00f3rio.<\/span><\/p>\n","protected":false},"excerpt":{"rendered":"<p>Essa cirurgia \u00e9 indicada para remo\u00e7\u00e3o das adenoides, um conjunto de tecidos de imunidade localizados [&hellip;]<\/p>\n","protected":false},"author":1,"featured_media":129,"parent":60,"menu_order":0,"comment_status":"closed","ping_status":"closed","template":"page-tratamentos.php","meta":[],"acf":[],"yoast_head":"<!-- This site is optimized with the Yoast SEO plugin v20.9 - https:\/\/yoast.com\/wordpress\/plugins\/seo\/ -->\n<title>Adenoidectomia - Marcia Silva<\/title>\n<meta name=\"robots\" content=\"index, follow, max-snippet:-1, max-image-preview:large, max-video-preview:-1\" \/>\n<link rel=\"canonical\" href=\"https:\/\/saltcomunicacao.com.br\/marciasilva\/procedimentos\/cirurgias-funcionais\/adenoidectomia\/\" \/>\n<meta property=\"og:locale\" content=\"pt_BR\" \/>\n<meta property=\"og:type\" content=\"article\" \/>\n<meta property=\"og:title\" content=\"Adenoidectomia - Marcia Silva\" \/>\n<meta property=\"og:description\" content=\"Essa cirurgia \u00e9 indicada para remo\u00e7\u00e3o das adenoides, um conjunto de tecidos de imunidade localizados [&hellip;]\" \/>\n<meta property=\"og:url\" content=\"https:\/\/saltcomunicacao.com.br\/marciasilva\/procedimentos\/cirurgias-funcionais\/adenoidectomia\/\" \/>\n<meta property=\"og:site_name\" content=\"Marcia Silva\" \/>\n<meta property=\"article:modified_time\" content=\"2023-06-20T20:09:40+00:00\" \/>\n<meta property=\"og:image\" content=\"https:\/\/saltcomunicacao.com.br\/marciasilva\/wp-content\/uploads\/2023\/06\/Shutterstock_590730254.jpg\" \/>\n\t<meta property=\"og:image:width\" content=\"740\" \/>\n\t<meta property=\"og:image:height\" content=\"380\" \/>\n\t<meta property=\"og:image:type\" content=\"image\/jpeg\" \/>\n<meta name=\"twitter:card\" content=\"summary_large_image\" \/>\n<meta name=\"twitter:label1\" content=\"Est. tempo de leitura\" \/>\n\t<meta name=\"twitter:data1\" content=\"2 minutos\" \/>\n<script type=\"application\/ld+json\" class=\"yoast-schema-graph\">{\"@context\":\"https:\/\/schema.org\",\"@graph\":[{\"@type\":\"WebPage\",\"@id\":\"https:\/\/saltcomunicacao.com.br\/marciasilva\/procedimentos\/cirurgias-funcionais\/adenoidectomia\/\",\"url\":\"https:\/\/saltcomunicacao.com.br\/marciasilva\/procedimentos\/cirurgias-funcionais\/adenoidectomia\/\",\"name\":\"Adenoidectomia - Marcia Silva\",\"isPartOf\":{\"@id\":\"https:\/\/saltcomunicacao.com.br\/marciasilva\/#website\"},\"datePublished\":\"2023-06-15T18:46:03+00:00\",\"dateModified\":\"2023-06-20T20:09:40+00:00\",\"breadcrumb\":{\"@id\":\"https:\/\/saltcomunicacao.com.br\/marciasilva\/procedimentos\/cirurgias-funcionais\/adenoidectomia\/#breadcrumb\"},\"inLanguage\":\"pt-BR\",\"potentialAction\":[{\"@type\":\"ReadAction\",\"target\":[\"https:\/\/saltcomunicacao.com.br\/marciasilva\/procedimentos\/cirurgias-funcionais\/adenoidectomia\/\"]}]},{\"@type\":\"BreadcrumbList\",\"@id\":\"https:\/\/saltcomunicacao.com.br\/marciasilva\/procedimentos\/cirurgias-funcionais\/adenoidectomia\/#breadcrumb\",\"itemListElement\":[{\"@type\":\"ListItem\",\"position\":1,\"name\":\"In\u00edcio\",\"item\":\"https:\/\/saltcomunicacao.com.br\/marciasilva\/\"},{\"@type\":\"ListItem\",\"position\":2,\"name\":\"Procedimentos\",\"item\":\"https:\/\/saltcomunicacao.com.br\/marciasilva\/procedimentos\/\"},{\"@type\":\"ListItem\",\"position\":3,\"name\":\"Cirurgias funcionais\",\"item\":\"https:\/\/saltcomunicacao.com.br\/marciasilva\/procedimentos\/cirurgias-funcionais\/\"},{\"@type\":\"ListItem\",\"position\":4,\"name\":\"Adenoidectomia\"}]},{\"@type\":\"WebSite\",\"@id\":\"https:\/\/saltcomunicacao.com.br\/marciasilva\/#website\",\"url\":\"https:\/\/saltcomunicacao.com.br\/marciasilva\/\",\"name\":\"M\u00e1rcia Silva\",\"description\":\"A harmonia perfeita entre forma e fun\u00e7\u00e3o do nariz\",\"publisher\":{\"@id\":\"https:\/\/saltcomunicacao.com.br\/marciasilva\/#\/schema\/person\/01510f84292eaf8d7e87a403808f527f\"},\"potentialAction\":[{\"@type\":\"SearchAction\",\"target\":{\"@type\":\"EntryPoint\",\"urlTemplate\":\"https:\/\/saltcomunicacao.com.br\/marciasilva\/?s={search_term_string}\"},\"query-input\":\"required name=search_term_string\"}],\"inLanguage\":\"pt-BR\"},{\"@type\":[\"Person\",\"Organization\"],\"@id\":\"https:\/\/saltcomunicacao.com.br\/marciasilva\/#\/schema\/person\/01510f84292eaf8d7e87a403808f527f\",\"name\":\"salt\",\"image\":{\"@type\":\"ImageObject\",\"inLanguage\":\"pt-BR\",\"@id\":\"https:\/\/saltcomunicacao.com.br\/marciasilva\/#\/schema\/person\/image\/\",\"url\":\"https:\/\/saltcomunicacao.com.br\/marciasilva\/wp-content\/uploads\/2023\/06\/Group-134.jpg\",\"contentUrl\":\"https:\/\/saltcomunicacao.com.br\/marciasilva\/wp-content\/uploads\/2023\/06\/Group-134.jpg\",\"width\":710,\"height\":923,\"caption\":\"salt\"},\"logo\":{\"@id\":\"https:\/\/saltcomunicacao.com.br\/marciasilva\/#\/schema\/person\/image\/\"},\"sameAs\":[\"https:\/\/saltcomunicacao.com.br\/marciasilva\"]}]}<\/script>\n<!-- \/ Yoast SEO plugin. -->","yoast_head_json":{"title":"Adenoidectomia - Marcia Silva","robots":{"index":"index","follow":"follow","max-snippet":"max-snippet:-1","max-image-preview":"max-image-preview:large","max-video-preview":"max-video-preview:-1"},"canonical":"https:\/\/saltcomunicacao.com.br\/marciasilva\/procedimentos\/cirurgias-funcionais\/adenoidectomia\/","og_locale":"pt_BR","og_type":"article","og_title":"Adenoidectomia - Marcia Silva","og_description":"Essa cirurgia \u00e9 indicada para remo\u00e7\u00e3o das adenoides, um conjunto de tecidos de imunidade localizados [&hellip;]","og_url":"https:\/\/saltcomunicacao.com.br\/marciasilva\/procedimentos\/cirurgias-funcionais\/adenoidectomia\/","og_site_name":"Marcia Silva","article_modified_time":"2023-06-20T20:09:40+00:00","og_image":[{"width":740,"height":380,"url":"https:\/\/saltcomunicacao.com.br\/marciasilva\/wp-content\/uploads\/2023\/06\/Shutterstock_590730254.jpg","type":"image\/jpeg"}],"twitter_card":"summary_large_image","twitter_misc":{"Est. tempo de leitura":"2 minutos"},"schema":{"@context":"https:\/\/schema.org","@graph":[{"@type":"WebPage","@id":"https:\/\/saltcomunicacao.com.br\/marciasilva\/procedimentos\/cirurgias-funcionais\/adenoidectomia\/","url":"https:\/\/saltcomunicacao.com.br\/marciasilva\/procedimentos\/cirurgias-funcionais\/adenoidectomia\/","name":"Adenoidectomia - Marcia Silva","isPartOf":{"@id":"https:\/\/saltcomunicacao.com.br\/marciasilva\/#website"},"datePublished":"2023-06-15T18:46:03+00:00","dateModified":"2023-06-20T20:09:40+00:00","breadcrumb":{"@id":"https:\/\/saltcomunicacao.com.br\/marciasilva\/procedimentos\/cirurgias-funcionais\/adenoidectomia\/#breadcrumb"},"inLanguage":"pt-BR","potentialAction":[{"@type":"ReadAction","target":["https:\/\/saltcomunicacao.com.br\/marciasilva\/procedimentos\/cirurgias-funcionais\/adenoidectomia\/"]}]},{"@type":"BreadcrumbList","@id":"https:\/\/saltcomunicacao.com.br\/marciasilva\/procedimentos\/cirurgias-funcionais\/adenoidectomia\/#breadcrumb","itemListElement":[{"@type":"ListItem","position":1,"name":"In\u00edcio","item":"https:\/\/saltcomunicacao.com.br\/marciasilva\/"},{"@type":"ListItem","position":2,"name":"Procedimentos","item":"https:\/\/saltcomunicacao.com.br\/marciasilva\/procedimentos\/"},{"@type":"ListItem","position":3,"name":"Cirurgias funcionais","item":"https:\/\/saltcomunicacao.com.br\/marciasilva\/procedimentos\/cirurgias-funcionais\/"},{"@type":"ListItem","position":4,"name":"Adenoidectomia"}]},{"@type":"WebSite","@id":"https:\/\/saltcomunicacao.com.br\/marciasilva\/#website","url":"https:\/\/saltcomunicacao.com.br\/marciasilva\/","name":"M\u00e1rcia Silva","description":"A harmonia perfeita entre forma e fun\u00e7\u00e3o do nariz","publisher":{"@id":"https:\/\/saltcomunicacao.com.br\/marciasilva\/#\/schema\/person\/01510f84292eaf8d7e87a403808f527f"},"potentialAction":[{"@type":"SearchAction","target":{"@type":"EntryPoint","urlTemplate":"https:\/\/saltcomunicacao.com.br\/marciasilva\/?s={search_term_string}"},"query-input":"required name=search_term_string"}],"inLanguage":"pt-BR"},{"@type":["Person","Organization"],"@id":"https:\/\/saltcomunicacao.com.br\/marciasilva\/#\/schema\/person\/01510f84292eaf8d7e87a403808f527f","name":"salt","image":{"@type":"ImageObject","inLanguage":"pt-BR","@id":"https:\/\/saltcomunicacao.com.br\/marciasilva\/#\/schema\/person\/image\/","url":"https:\/\/saltcomunicacao.com.br\/marciasilva\/wp-content\/uploads\/2023\/06\/Group-134.jpg","contentUrl":"https:\/\/saltcomunicacao.com.br\/marciasilva\/wp-content\/uploads\/2023\/06\/Group-134.jpg","width":710,"height":923,"caption":"salt"},"logo":{"@id":"https:\/\/saltcomunicacao.com.br\/marciasilva\/#\/schema\/person\/image\/"},"sameAs":["https:\/\/saltcomunicacao.com.br\/marciasilva"]}]}},"_links":{"self":[{"href":"https:\/\/saltcomunicacao.com.br\/marciasilva\/wp-json\/wp\/v2\/pages\/75"}],"collection":[{"href":"https:\/\/saltcomunicacao.com.br\/marciasilva\/wp-json\/wp\/v2\/pages"}],"about":[{"href":"https:\/\/saltcomunicacao.com.br\/marciasilva\/wp-json\/wp\/v2\/types\/page"}],"author":[{"embeddable":true,"href":"https:\/\/saltcomunicacao.com.br\/marciasilva\/wp-json\/wp\/v2\/users\/1"}],"replies":[{"embeddable":true,"href":"https:\/\/saltcomunicacao.com.br\/marciasilva\/wp-json\/wp\/v2\/comments?post=75"}],"version-history":[{"count":1,"href":"https:\/\/saltcomunicacao.com.br\/marciasilva\/wp-json\/wp\/v2\/pages\/75\/revisions"}],"predecessor-version":[{"id":76,"href":"https:\/\/saltcomunicacao.com.br\/marciasilva\/wp-json\/wp\/v2\/pages\/75\/revisions\/76"}],"up":[{"embeddable":true,"href":"https:\/\/saltcomunicacao.com.br\/marciasilva\/wp-json\/wp\/v2\/pages\/60"}],"wp:featuredmedia":[{"embeddable":true,"href":"https:\/\/saltcomunicacao.com.br\/marciasilva\/wp-json\/wp\/v2\/media\/129"}],"wp:attachment":[{"href":"https:\/\/saltcomunicacao.com.br\/marciasilva\/wp-json\/wp\/v2\/media?parent=75"}],"curies":[{"name":"wp","href":"https:\/\/api.w.org\/{rel}","templated":true}]}}