{"id":73,"date":"2023-06-15T15:45:42","date_gmt":"2023-06-15T18:45:42","guid":{"rendered":"https:\/\/saltcomunicacao.com.br\/marciasilva\/?page_id=73"},"modified":"2023-06-20T17:14:04","modified_gmt":"2023-06-20T20:14:04","slug":"sinusectomia","status":"publish","type":"page","link":"https:\/\/saltcomunicacao.com.br\/marciasilva\/procedimentos\/cirurgias-funcionais\/sinusectomia\/","title":{"rendered":"Sinusectomia"},"content":{"rendered":"<p><span style=\"font-weight: 400;\">A cirurgia dos seios da face \u00e9 um procedimento que visa tratar casos de sinusite aguda e cr\u00f4nica, sinusite recorrente, p\u00f3lipos nasais e sinusite por fungos.\u00a0<\/span><\/p>\n<p>&nbsp;<\/p>\n<p><span style=\"font-weight: 400;\">Nos casos de sinusite aguda, a cirurgia ajuda na drenagem da secre\u00e7\u00e3o purulenta e alivia os sintomas dos pacientes, especialmente quando h\u00e1 alguma complica\u00e7\u00e3o associada, como a dissemina\u00e7\u00e3o da infec\u00e7\u00e3o para os olhos e o sistema nervoso central. J\u00e1 nos casos de sinusite cr\u00f4nica, a cirurgia \u00e9 indicada quando o tratamento medicamentoso falha, com o objetivo de abrir os seios da face e realizar a limpeza interna dessas cavidades, removendo secre\u00e7\u00f5es, fungos e p\u00f3lipos que possam estar causando obstru\u00e7\u00e3o.<\/span><\/p>\n<p>&nbsp;<\/p>\n<p><span style=\"font-weight: 400;\">O procedimento \u00e9 realizado sob anestesia geral, por videoendoscopia, sem cortes ou cicatrizes externas. \u00c9 importante ressaltar que o paciente deve permanecer em observa\u00e7\u00e3o no hospital por 24 horas ap\u00f3s a cirurgia, devido ao maior risco de sangramento p\u00f3s-operat\u00f3rio.\u00a0<\/span><\/p>\n<p>&nbsp;<\/p>\n<p><span style=\"font-weight: 400;\">Ap\u00f3s a cirurgia, o paciente precisa permanecer em repouso por 7 a 10 dias e evitar atividades f\u00edsicas por 30 dias. A cirurgia \u00e9 mais complexa e requer um tempo maior de acompanhamento p\u00f3s-operat\u00f3rio, que pode variar de 1 a 3 meses.<\/span><\/p>\n","protected":false},"excerpt":{"rendered":"<p>A cirurgia dos seios da face \u00e9 um procedimento que visa tratar casos de sinusite [&hellip;]<\/p>\n","protected":false},"author":1,"featured_media":131,"parent":60,"menu_order":0,"comment_status":"closed","ping_status":"closed","template":"page-tratamentos.php","meta":[],"acf":[],"yoast_head":"<!-- This site is optimized with the Yoast SEO plugin v20.9 - https:\/\/yoast.com\/wordpress\/plugins\/seo\/ -->\n<title>Sinusectomia - Marcia Silva<\/title>\n<meta name=\"robots\" content=\"index, follow, max-snippet:-1, max-image-preview:large, max-video-preview:-1\" \/>\n<link rel=\"canonical\" href=\"https:\/\/saltcomunicacao.com.br\/marciasilva\/procedimentos\/cirurgias-funcionais\/sinusectomia\/\" \/>\n<meta property=\"og:locale\" content=\"pt_BR\" \/>\n<meta property=\"og:type\" content=\"article\" \/>\n<meta property=\"og:title\" content=\"Sinusectomia - Marcia Silva\" \/>\n<meta property=\"og:description\" content=\"A cirurgia dos seios da face \u00e9 um procedimento que visa tratar casos de sinusite [&hellip;]\" \/>\n<meta property=\"og:url\" content=\"https:\/\/saltcomunicacao.com.br\/marciasilva\/procedimentos\/cirurgias-funcionais\/sinusectomia\/\" \/>\n<meta property=\"og:site_name\" content=\"Marcia Silva\" \/>\n<meta property=\"article:modified_time\" content=\"2023-06-20T20:14:04+00:00\" \/>\n<meta property=\"og:image\" content=\"https:\/\/saltcomunicacao.com.br\/marciasilva\/wp-content\/uploads\/2023\/06\/Shutterstock_572120026.jpg\" \/>\n\t<meta property=\"og:image:width\" content=\"740\" \/>\n\t<meta property=\"og:image:height\" content=\"380\" \/>\n\t<meta property=\"og:image:type\" content=\"image\/jpeg\" \/>\n<meta name=\"twitter:card\" content=\"summary_large_image\" \/>\n<meta name=\"twitter:label1\" content=\"Est. tempo de leitura\" \/>\n\t<meta name=\"twitter:data1\" content=\"2 minutos\" \/>\n<script type=\"application\/ld+json\" class=\"yoast-schema-graph\">{\"@context\":\"https:\/\/schema.org\",\"@graph\":[{\"@type\":\"WebPage\",\"@id\":\"https:\/\/saltcomunicacao.com.br\/marciasilva\/procedimentos\/cirurgias-funcionais\/sinusectomia\/\",\"url\":\"https:\/\/saltcomunicacao.com.br\/marciasilva\/procedimentos\/cirurgias-funcionais\/sinusectomia\/\",\"name\":\"Sinusectomia - Marcia Silva\",\"isPartOf\":{\"@id\":\"https:\/\/saltcomunicacao.com.br\/marciasilva\/#website\"},\"datePublished\":\"2023-06-15T18:45:42+00:00\",\"dateModified\":\"2023-06-20T20:14:04+00:00\",\"breadcrumb\":{\"@id\":\"https:\/\/saltcomunicacao.com.br\/marciasilva\/procedimentos\/cirurgias-funcionais\/sinusectomia\/#breadcrumb\"},\"inLanguage\":\"pt-BR\",\"potentialAction\":[{\"@type\":\"ReadAction\",\"target\":[\"https:\/\/saltcomunicacao.com.br\/marciasilva\/procedimentos\/cirurgias-funcionais\/sinusectomia\/\"]}]},{\"@type\":\"BreadcrumbList\",\"@id\":\"https:\/\/saltcomunicacao.com.br\/marciasilva\/procedimentos\/cirurgias-funcionais\/sinusectomia\/#breadcrumb\",\"itemListElement\":[{\"@type\":\"ListItem\",\"position\":1,\"name\":\"In\u00edcio\",\"item\":\"https:\/\/saltcomunicacao.com.br\/marciasilva\/\"},{\"@type\":\"ListItem\",\"position\":2,\"name\":\"Procedimentos\",\"item\":\"https:\/\/saltcomunicacao.com.br\/marciasilva\/procedimentos\/\"},{\"@type\":\"ListItem\",\"position\":3,\"name\":\"Cirurgias funcionais\",\"item\":\"https:\/\/saltcomunicacao.com.br\/marciasilva\/procedimentos\/cirurgias-funcionais\/\"},{\"@type\":\"ListItem\",\"position\":4,\"name\":\"Sinusectomia\"}]},{\"@type\":\"WebSite\",\"@id\":\"https:\/\/saltcomunicacao.com.br\/marciasilva\/#website\",\"url\":\"https:\/\/saltcomunicacao.com.br\/marciasilva\/\",\"name\":\"M\u00e1rcia Silva\",\"description\":\"A harmonia perfeita entre forma e fun\u00e7\u00e3o do nariz\",\"publisher\":{\"@id\":\"https:\/\/saltcomunicacao.com.br\/marciasilva\/#\/schema\/person\/01510f84292eaf8d7e87a403808f527f\"},\"potentialAction\":[{\"@type\":\"SearchAction\",\"target\":{\"@type\":\"EntryPoint\",\"urlTemplate\":\"https:\/\/saltcomunicacao.com.br\/marciasilva\/?s={search_term_string}\"},\"query-input\":\"required name=search_term_string\"}],\"inLanguage\":\"pt-BR\"},{\"@type\":[\"Person\",\"Organization\"],\"@id\":\"https:\/\/saltcomunicacao.com.br\/marciasilva\/#\/schema\/person\/01510f84292eaf8d7e87a403808f527f\",\"name\":\"salt\",\"image\":{\"@type\":\"ImageObject\",\"inLanguage\":\"pt-BR\",\"@id\":\"https:\/\/saltcomunicacao.com.br\/marciasilva\/#\/schema\/person\/image\/\",\"url\":\"https:\/\/saltcomunicacao.com.br\/marciasilva\/wp-content\/uploads\/2023\/06\/Group-134.jpg\",\"contentUrl\":\"https:\/\/saltcomunicacao.com.br\/marciasilva\/wp-content\/uploads\/2023\/06\/Group-134.jpg\",\"width\":710,\"height\":923,\"caption\":\"salt\"},\"logo\":{\"@id\":\"https:\/\/saltcomunicacao.com.br\/marciasilva\/#\/schema\/person\/image\/\"},\"sameAs\":[\"https:\/\/saltcomunicacao.com.br\/marciasilva\"]}]}<\/script>\n<!-- \/ Yoast SEO plugin. -->","yoast_head_json":{"title":"Sinusectomia - Marcia Silva","robots":{"index":"index","follow":"follow","max-snippet":"max-snippet:-1","max-image-preview":"max-image-preview:large","max-video-preview":"max-video-preview:-1"},"canonical":"https:\/\/saltcomunicacao.com.br\/marciasilva\/procedimentos\/cirurgias-funcionais\/sinusectomia\/","og_locale":"pt_BR","og_type":"article","og_title":"Sinusectomia - Marcia Silva","og_description":"A cirurgia dos seios da face \u00e9 um procedimento que visa tratar casos de sinusite [&hellip;]","og_url":"https:\/\/saltcomunicacao.com.br\/marciasilva\/procedimentos\/cirurgias-funcionais\/sinusectomia\/","og_site_name":"Marcia Silva","article_modified_time":"2023-06-20T20:14:04+00:00","og_image":[{"width":740,"height":380,"url":"https:\/\/saltcomunicacao.com.br\/marciasilva\/wp-content\/uploads\/2023\/06\/Shutterstock_572120026.jpg","type":"image\/jpeg"}],"twitter_card":"summary_large_image","twitter_misc":{"Est. tempo de leitura":"2 minutos"},"schema":{"@context":"https:\/\/schema.org","@graph":[{"@type":"WebPage","@id":"https:\/\/saltcomunicacao.com.br\/marciasilva\/procedimentos\/cirurgias-funcionais\/sinusectomia\/","url":"https:\/\/saltcomunicacao.com.br\/marciasilva\/procedimentos\/cirurgias-funcionais\/sinusectomia\/","name":"Sinusectomia - Marcia Silva","isPartOf":{"@id":"https:\/\/saltcomunicacao.com.br\/marciasilva\/#website"},"datePublished":"2023-06-15T18:45:42+00:00","dateModified":"2023-06-20T20:14:04+00:00","breadcrumb":{"@id":"https:\/\/saltcomunicacao.com.br\/marciasilva\/procedimentos\/cirurgias-funcionais\/sinusectomia\/#breadcrumb"},"inLanguage":"pt-BR","potentialAction":[{"@type":"ReadAction","target":["https:\/\/saltcomunicacao.com.br\/marciasilva\/procedimentos\/cirurgias-funcionais\/sinusectomia\/"]}]},{"@type":"BreadcrumbList","@id":"https:\/\/saltcomunicacao.com.br\/marciasilva\/procedimentos\/cirurgias-funcionais\/sinusectomia\/#breadcrumb","itemListElement":[{"@type":"ListItem","position":1,"name":"In\u00edcio","item":"https:\/\/saltcomunicacao.com.br\/marciasilva\/"},{"@type":"ListItem","position":2,"name":"Procedimentos","item":"https:\/\/saltcomunicacao.com.br\/marciasilva\/procedimentos\/"},{"@type":"ListItem","position":3,"name":"Cirurgias funcionais","item":"https:\/\/saltcomunicacao.com.br\/marciasilva\/procedimentos\/cirurgias-funcionais\/"},{"@type":"ListItem","position":4,"name":"Sinusectomia"}]},{"@type":"WebSite","@id":"https:\/\/saltcomunicacao.com.br\/marciasilva\/#website","url":"https:\/\/saltcomunicacao.com.br\/marciasilva\/","name":"M\u00e1rcia Silva","description":"A harmonia perfeita entre forma e fun\u00e7\u00e3o do nariz","publisher":{"@id":"https:\/\/saltcomunicacao.com.br\/marciasilva\/#\/schema\/person\/01510f84292eaf8d7e87a403808f527f"},"potentialAction":[{"@type":"SearchAction","target":{"@type":"EntryPoint","urlTemplate":"https:\/\/saltcomunicacao.com.br\/marciasilva\/?s={search_term_string}"},"query-input":"required name=search_term_string"}],"inLanguage":"pt-BR"},{"@type":["Person","Organization"],"@id":"https:\/\/saltcomunicacao.com.br\/marciasilva\/#\/schema\/person\/01510f84292eaf8d7e87a403808f527f","name":"salt","image":{"@type":"ImageObject","inLanguage":"pt-BR","@id":"https:\/\/saltcomunicacao.com.br\/marciasilva\/#\/schema\/person\/image\/","url":"https:\/\/saltcomunicacao.com.br\/marciasilva\/wp-content\/uploads\/2023\/06\/Group-134.jpg","contentUrl":"https:\/\/saltcomunicacao.com.br\/marciasilva\/wp-content\/uploads\/2023\/06\/Group-134.jpg","width":710,"height":923,"caption":"salt"},"logo":{"@id":"https:\/\/saltcomunicacao.com.br\/marciasilva\/#\/schema\/person\/image\/"},"sameAs":["https:\/\/saltcomunicacao.com.br\/marciasilva"]}]}},"_links":{"self":[{"href":"https:\/\/saltcomunicacao.com.br\/marciasilva\/wp-json\/wp\/v2\/pages\/73"}],"collection":[{"href":"https:\/\/saltcomunicacao.com.br\/marciasilva\/wp-json\/wp\/v2\/pages"}],"about":[{"href":"https:\/\/saltcomunicacao.com.br\/marciasilva\/wp-json\/wp\/v2\/types\/page"}],"author":[{"embeddable":true,"href":"https:\/\/saltcomunicacao.com.br\/marciasilva\/wp-json\/wp\/v2\/users\/1"}],"replies":[{"embeddable":true,"href":"https:\/\/saltcomunicacao.com.br\/marciasilva\/wp-json\/wp\/v2\/comments?post=73"}],"version-history":[{"count":1,"href":"https:\/\/saltcomunicacao.com.br\/marciasilva\/wp-json\/wp\/v2\/pages\/73\/revisions"}],"predecessor-version":[{"id":74,"href":"https:\/\/saltcomunicacao.com.br\/marciasilva\/wp-json\/wp\/v2\/pages\/73\/revisions\/74"}],"up":[{"embeddable":true,"href":"https:\/\/saltcomunicacao.com.br\/marciasilva\/wp-json\/wp\/v2\/pages\/60"}],"wp:featuredmedia":[{"embeddable":true,"href":"https:\/\/saltcomunicacao.com.br\/marciasilva\/wp-json\/wp\/v2\/media\/131"}],"wp:attachment":[{"href":"https:\/\/saltcomunicacao.com.br\/marciasilva\/wp-json\/wp\/v2\/media?parent=73"}],"curies":[{"name":"wp","href":"https:\/\/api.w.org\/{rel}","templated":true}]}}