{"id":43,"date":"2023-06-15T13:39:20","date_gmt":"2023-06-15T16:39:20","guid":{"rendered":"https:\/\/saltcomunicacao.com.br\/marciasilva\/?page_id=43"},"modified":"2023-06-15T13:39:20","modified_gmt":"2023-06-15T16:39:20","slug":"rinoplastia","status":"publish","type":"page","link":"https:\/\/saltcomunicacao.com.br\/marciasilva\/rinoplastia\/","title":{"rendered":"Rinoplastia"},"content":{"rendered":"<h1>Rinoplastia<\/h1>\n<p>Rinoplastia \u00e9 uma cirurgia est\u00e9tica cujo principal objetivo \u00e9 remodelar o nariz. Pode ser feito por t\u00e9cnica fechada (sem cortes ou cicatrizes externas) ou aberta (com cicatriz externa). A cirurgia \u00e9 feita sob anestesia geral e o paciente pode receber alta no mesmo dia ou no dia seguinte.<\/p>\n<p>&nbsp;<\/p>\n<h2>P\u00f3s-operat\u00f3rio:<\/h2>\n<p>&nbsp;<\/p>\n<p>Ap\u00f3s a cirurgia, o paciente deve permanecer em repouso por 7 a 10 dias e evitar atividades f\u00edsicas por 30 dias. \u00c9 importante evitar exposi\u00e7\u00e3o ao sol e o uso de \u00f3culos por 90 dias. Durante os primeiros dias, pode haver incha\u00e7o e hematomas ao redor dos olhos, que tendem a desaparecer entre 10 a 15 dias.<\/p>\n<p>&nbsp;<\/p>\n<p>O curativo externo \u00e9 retirado ap\u00f3s 7 dias da cirurgia e \u00e9 recomendado refaz\u00ea-lo com micropore durante o primeiro m\u00eas para auxiliar na cicatriza\u00e7\u00e3o.<\/p>\n","protected":false},"excerpt":{"rendered":"<p>Rinoplastia Rinoplastia \u00e9 uma cirurgia est\u00e9tica cujo principal objetivo \u00e9 remodelar o nariz. Pode ser [&hellip;]<\/p>\n","protected":false},"author":1,"featured_media":44,"parent":0,"menu_order":0,"comment_status":"closed","ping_status":"closed","template":"page-rino.php","meta":[],"acf":[],"yoast_head":"<!-- This site is optimized with the Yoast SEO plugin v20.9 - https:\/\/yoast.com\/wordpress\/plugins\/seo\/ -->\n<title>Rinoplastia - Marcia Silva<\/title>\n<meta name=\"robots\" content=\"index, follow, max-snippet:-1, max-image-preview:large, max-video-preview:-1\" \/>\n<link rel=\"canonical\" href=\"https:\/\/saltcomunicacao.com.br\/marciasilva\/rinoplastia\/\" \/>\n<meta property=\"og:locale\" content=\"pt_BR\" \/>\n<meta property=\"og:type\" content=\"article\" \/>\n<meta property=\"og:title\" content=\"Rinoplastia - Marcia Silva\" \/>\n<meta property=\"og:description\" content=\"Rinoplastia Rinoplastia \u00e9 uma cirurgia est\u00e9tica cujo principal objetivo \u00e9 remodelar o nariz. Pode ser [&hellip;]\" \/>\n<meta property=\"og:url\" content=\"https:\/\/saltcomunicacao.com.br\/marciasilva\/rinoplastia\/\" \/>\n<meta property=\"og:site_name\" content=\"Marcia Silva\" \/>\n<meta property=\"og:image\" content=\"https:\/\/saltcomunicacao.com.br\/marciasilva\/wp-content\/uploads\/2023\/06\/Group-134-1.jpg\" \/>\n\t<meta property=\"og:image:width\" content=\"710\" \/>\n\t<meta property=\"og:image:height\" content=\"923\" \/>\n\t<meta property=\"og:image:type\" content=\"image\/jpeg\" \/>\n<meta name=\"twitter:card\" content=\"summary_large_image\" \/>\n<meta name=\"twitter:label1\" content=\"Est. tempo de leitura\" \/>\n\t<meta name=\"twitter:data1\" content=\"1 minuto\" \/>\n<script type=\"application\/ld+json\" class=\"yoast-schema-graph\">{\"@context\":\"https:\/\/schema.org\",\"@graph\":[{\"@type\":\"WebPage\",\"@id\":\"https:\/\/saltcomunicacao.com.br\/marciasilva\/rinoplastia\/\",\"url\":\"https:\/\/saltcomunicacao.com.br\/marciasilva\/rinoplastia\/\",\"name\":\"Rinoplastia - Marcia Silva\",\"isPartOf\":{\"@id\":\"https:\/\/saltcomunicacao.com.br\/marciasilva\/#website\"},\"datePublished\":\"2023-06-15T16:39:20+00:00\",\"dateModified\":\"2023-06-15T16:39:20+00:00\",\"breadcrumb\":{\"@id\":\"https:\/\/saltcomunicacao.com.br\/marciasilva\/rinoplastia\/#breadcrumb\"},\"inLanguage\":\"pt-BR\",\"potentialAction\":[{\"@type\":\"ReadAction\",\"target\":[\"https:\/\/saltcomunicacao.com.br\/marciasilva\/rinoplastia\/\"]}]},{\"@type\":\"BreadcrumbList\",\"@id\":\"https:\/\/saltcomunicacao.com.br\/marciasilva\/rinoplastia\/#breadcrumb\",\"itemListElement\":[{\"@type\":\"ListItem\",\"position\":1,\"name\":\"In\u00edcio\",\"item\":\"https:\/\/saltcomunicacao.com.br\/marciasilva\/\"},{\"@type\":\"ListItem\",\"position\":2,\"name\":\"Rinoplastia\"}]},{\"@type\":\"WebSite\",\"@id\":\"https:\/\/saltcomunicacao.com.br\/marciasilva\/#website\",\"url\":\"https:\/\/saltcomunicacao.com.br\/marciasilva\/\",\"name\":\"M\u00e1rcia Silva\",\"description\":\"A harmonia perfeita entre forma e fun\u00e7\u00e3o do nariz\",\"publisher\":{\"@id\":\"https:\/\/saltcomunicacao.com.br\/marciasilva\/#\/schema\/person\/01510f84292eaf8d7e87a403808f527f\"},\"potentialAction\":[{\"@type\":\"SearchAction\",\"target\":{\"@type\":\"EntryPoint\",\"urlTemplate\":\"https:\/\/saltcomunicacao.com.br\/marciasilva\/?s={search_term_string}\"},\"query-input\":\"required name=search_term_string\"}],\"inLanguage\":\"pt-BR\"},{\"@type\":[\"Person\",\"Organization\"],\"@id\":\"https:\/\/saltcomunicacao.com.br\/marciasilva\/#\/schema\/person\/01510f84292eaf8d7e87a403808f527f\",\"name\":\"salt\",\"image\":{\"@type\":\"ImageObject\",\"inLanguage\":\"pt-BR\",\"@id\":\"https:\/\/saltcomunicacao.com.br\/marciasilva\/#\/schema\/person\/image\/\",\"url\":\"https:\/\/saltcomunicacao.com.br\/marciasilva\/wp-content\/uploads\/2023\/06\/Group-134.jpg\",\"contentUrl\":\"https:\/\/saltcomunicacao.com.br\/marciasilva\/wp-content\/uploads\/2023\/06\/Group-134.jpg\",\"width\":710,\"height\":923,\"caption\":\"salt\"},\"logo\":{\"@id\":\"https:\/\/saltcomunicacao.com.br\/marciasilva\/#\/schema\/person\/image\/\"},\"sameAs\":[\"https:\/\/saltcomunicacao.com.br\/marciasilva\"]}]}<\/script>\n<!-- \/ Yoast SEO plugin. -->","yoast_head_json":{"title":"Rinoplastia - Marcia Silva","robots":{"index":"index","follow":"follow","max-snippet":"max-snippet:-1","max-image-preview":"max-image-preview:large","max-video-preview":"max-video-preview:-1"},"canonical":"https:\/\/saltcomunicacao.com.br\/marciasilva\/rinoplastia\/","og_locale":"pt_BR","og_type":"article","og_title":"Rinoplastia - Marcia Silva","og_description":"Rinoplastia Rinoplastia \u00e9 uma cirurgia est\u00e9tica cujo principal objetivo \u00e9 remodelar o nariz. Pode ser [&hellip;]","og_url":"https:\/\/saltcomunicacao.com.br\/marciasilva\/rinoplastia\/","og_site_name":"Marcia Silva","og_image":[{"width":710,"height":923,"url":"https:\/\/saltcomunicacao.com.br\/marciasilva\/wp-content\/uploads\/2023\/06\/Group-134-1.jpg","type":"image\/jpeg"}],"twitter_card":"summary_large_image","twitter_misc":{"Est. tempo de leitura":"1 minuto"},"schema":{"@context":"https:\/\/schema.org","@graph":[{"@type":"WebPage","@id":"https:\/\/saltcomunicacao.com.br\/marciasilva\/rinoplastia\/","url":"https:\/\/saltcomunicacao.com.br\/marciasilva\/rinoplastia\/","name":"Rinoplastia - Marcia Silva","isPartOf":{"@id":"https:\/\/saltcomunicacao.com.br\/marciasilva\/#website"},"datePublished":"2023-06-15T16:39:20+00:00","dateModified":"2023-06-15T16:39:20+00:00","breadcrumb":{"@id":"https:\/\/saltcomunicacao.com.br\/marciasilva\/rinoplastia\/#breadcrumb"},"inLanguage":"pt-BR","potentialAction":[{"@type":"ReadAction","target":["https:\/\/saltcomunicacao.com.br\/marciasilva\/rinoplastia\/"]}]},{"@type":"BreadcrumbList","@id":"https:\/\/saltcomunicacao.com.br\/marciasilva\/rinoplastia\/#breadcrumb","itemListElement":[{"@type":"ListItem","position":1,"name":"In\u00edcio","item":"https:\/\/saltcomunicacao.com.br\/marciasilva\/"},{"@type":"ListItem","position":2,"name":"Rinoplastia"}]},{"@type":"WebSite","@id":"https:\/\/saltcomunicacao.com.br\/marciasilva\/#website","url":"https:\/\/saltcomunicacao.com.br\/marciasilva\/","name":"M\u00e1rcia Silva","description":"A harmonia perfeita entre forma e fun\u00e7\u00e3o do nariz","publisher":{"@id":"https:\/\/saltcomunicacao.com.br\/marciasilva\/#\/schema\/person\/01510f84292eaf8d7e87a403808f527f"},"potentialAction":[{"@type":"SearchAction","target":{"@type":"EntryPoint","urlTemplate":"https:\/\/saltcomunicacao.com.br\/marciasilva\/?s={search_term_string}"},"query-input":"required name=search_term_string"}],"inLanguage":"pt-BR"},{"@type":["Person","Organization"],"@id":"https:\/\/saltcomunicacao.com.br\/marciasilva\/#\/schema\/person\/01510f84292eaf8d7e87a403808f527f","name":"salt","image":{"@type":"ImageObject","inLanguage":"pt-BR","@id":"https:\/\/saltcomunicacao.com.br\/marciasilva\/#\/schema\/person\/image\/","url":"https:\/\/saltcomunicacao.com.br\/marciasilva\/wp-content\/uploads\/2023\/06\/Group-134.jpg","contentUrl":"https:\/\/saltcomunicacao.com.br\/marciasilva\/wp-content\/uploads\/2023\/06\/Group-134.jpg","width":710,"height":923,"caption":"salt"},"logo":{"@id":"https:\/\/saltcomunicacao.com.br\/marciasilva\/#\/schema\/person\/image\/"},"sameAs":["https:\/\/saltcomunicacao.com.br\/marciasilva"]}]}},"_links":{"self":[{"href":"https:\/\/saltcomunicacao.com.br\/marciasilva\/wp-json\/wp\/v2\/pages\/43"}],"collection":[{"href":"https:\/\/saltcomunicacao.com.br\/marciasilva\/wp-json\/wp\/v2\/pages"}],"about":[{"href":"https:\/\/saltcomunicacao.com.br\/marciasilva\/wp-json\/wp\/v2\/types\/page"}],"author":[{"embeddable":true,"href":"https:\/\/saltcomunicacao.com.br\/marciasilva\/wp-json\/wp\/v2\/users\/1"}],"replies":[{"embeddable":true,"href":"https:\/\/saltcomunicacao.com.br\/marciasilva\/wp-json\/wp\/v2\/comments?post=43"}],"version-history":[{"count":1,"href":"https:\/\/saltcomunicacao.com.br\/marciasilva\/wp-json\/wp\/v2\/pages\/43\/revisions"}],"predecessor-version":[{"id":45,"href":"https:\/\/saltcomunicacao.com.br\/marciasilva\/wp-json\/wp\/v2\/pages\/43\/revisions\/45"}],"wp:featuredmedia":[{"embeddable":true,"href":"https:\/\/saltcomunicacao.com.br\/marciasilva\/wp-json\/wp\/v2\/media\/44"}],"wp:attachment":[{"href":"https:\/\/saltcomunicacao.com.br\/marciasilva\/wp-json\/wp\/v2\/media?parent=43"}],"curies":[{"name":"wp","href":"https:\/\/api.w.org\/{rel}","templated":true}]}}