{"id":24,"date":"2023-06-15T11:37:42","date_gmt":"2023-06-15T14:37:42","guid":{"rendered":"https:\/\/saltcomunicacao.com.br\/marciasilva\/?page_id=24"},"modified":"2023-06-15T15:22:56","modified_gmt":"2023-06-15T18:22:56","slug":"procedimentos","status":"publish","type":"page","link":"https:\/\/saltcomunicacao.com.br\/marciasilva\/procedimentos\/","title":{"rendered":"Procedimentos"},"content":{"rendered":"","protected":false},"excerpt":{"rendered":"","protected":false},"author":1,"featured_media":0,"parent":0,"menu_order":0,"comment_status":"closed","ping_status":"closed","template":"page-home-procedimentos.php","meta":[],"acf":[],"yoast_head":"<!-- This site is optimized with the Yoast SEO plugin v20.9 - https:\/\/yoast.com\/wordpress\/plugins\/seo\/ -->\n<title>Procedimentos - Marcia Silva<\/title>\n<meta name=\"robots\" content=\"index, follow, max-snippet:-1, max-image-preview:large, max-video-preview:-1\" \/>\n<link rel=\"canonical\" href=\"https:\/\/saltcomunicacao.com.br\/marciasilva\/procedimentos\/\" \/>\n<meta property=\"og:locale\" content=\"pt_BR\" \/>\n<meta property=\"og:type\" content=\"article\" \/>\n<meta property=\"og:title\" content=\"Procedimentos - Marcia Silva\" \/>\n<meta property=\"og:url\" content=\"https:\/\/saltcomunicacao.com.br\/marciasilva\/procedimentos\/\" \/>\n<meta property=\"og:site_name\" content=\"Marcia Silva\" \/>\n<meta property=\"article:modified_time\" content=\"2023-06-15T18:22:56+00:00\" \/>\n<meta name=\"twitter:card\" content=\"summary_large_image\" \/>\n<script type=\"application\/ld+json\" class=\"yoast-schema-graph\">{\"@context\":\"https:\/\/schema.org\",\"@graph\":[{\"@type\":\"WebPage\",\"@id\":\"https:\/\/saltcomunicacao.com.br\/marciasilva\/procedimentos\/\",\"url\":\"https:\/\/saltcomunicacao.com.br\/marciasilva\/procedimentos\/\",\"name\":\"Procedimentos - Marcia Silva\",\"isPartOf\":{\"@id\":\"https:\/\/saltcomunicacao.com.br\/marciasilva\/#website\"},\"datePublished\":\"2023-06-15T14:37:42+00:00\",\"dateModified\":\"2023-06-15T18:22:56+00:00\",\"breadcrumb\":{\"@id\":\"https:\/\/saltcomunicacao.com.br\/marciasilva\/procedimentos\/#breadcrumb\"},\"inLanguage\":\"pt-BR\",\"potentialAction\":[{\"@type\":\"ReadAction\",\"target\":[\"https:\/\/saltcomunicacao.com.br\/marciasilva\/procedimentos\/\"]}]},{\"@type\":\"BreadcrumbList\",\"@id\":\"https:\/\/saltcomunicacao.com.br\/marciasilva\/procedimentos\/#breadcrumb\",\"itemListElement\":[{\"@type\":\"ListItem\",\"position\":1,\"name\":\"In\u00edcio\",\"item\":\"https:\/\/saltcomunicacao.com.br\/marciasilva\/\"},{\"@type\":\"ListItem\",\"position\":2,\"name\":\"Procedimentos\"}]},{\"@type\":\"WebSite\",\"@id\":\"https:\/\/saltcomunicacao.com.br\/marciasilva\/#website\",\"url\":\"https:\/\/saltcomunicacao.com.br\/marciasilva\/\",\"name\":\"M\u00e1rcia Silva\",\"description\":\"A harmonia perfeita entre forma e fun\u00e7\u00e3o do nariz\",\"publisher\":{\"@id\":\"https:\/\/saltcomunicacao.com.br\/marciasilva\/#\/schema\/person\/01510f84292eaf8d7e87a403808f527f\"},\"potentialAction\":[{\"@type\":\"SearchAction\",\"target\":{\"@type\":\"EntryPoint\",\"urlTemplate\":\"https:\/\/saltcomunicacao.com.br\/marciasilva\/?s={search_term_string}\"},\"query-input\":\"required name=search_term_string\"}],\"inLanguage\":\"pt-BR\"},{\"@type\":[\"Person\",\"Organization\"],\"@id\":\"https:\/\/saltcomunicacao.com.br\/marciasilva\/#\/schema\/person\/01510f84292eaf8d7e87a403808f527f\",\"name\":\"salt\",\"image\":{\"@type\":\"ImageObject\",\"inLanguage\":\"pt-BR\",\"@id\":\"https:\/\/saltcomunicacao.com.br\/marciasilva\/#\/schema\/person\/image\/\",\"url\":\"https:\/\/saltcomunicacao.com.br\/marciasilva\/wp-content\/uploads\/2023\/06\/Group-134.jpg\",\"contentUrl\":\"https:\/\/saltcomunicacao.com.br\/marciasilva\/wp-content\/uploads\/2023\/06\/Group-134.jpg\",\"width\":710,\"height\":923,\"caption\":\"salt\"},\"logo\":{\"@id\":\"https:\/\/saltcomunicacao.com.br\/marciasilva\/#\/schema\/person\/image\/\"},\"sameAs\":[\"https:\/\/saltcomunicacao.com.br\/marciasilva\"]}]}<\/script>\n<!-- \/ Yoast SEO plugin. -->","yoast_head_json":{"title":"Procedimentos - Marcia Silva","robots":{"index":"index","follow":"follow","max-snippet":"max-snippet:-1","max-image-preview":"max-image-preview:large","max-video-preview":"max-video-preview:-1"},"canonical":"https:\/\/saltcomunicacao.com.br\/marciasilva\/procedimentos\/","og_locale":"pt_BR","og_type":"article","og_title":"Procedimentos - Marcia Silva","og_url":"https:\/\/saltcomunicacao.com.br\/marciasilva\/procedimentos\/","og_site_name":"Marcia Silva","article_modified_time":"2023-06-15T18:22:56+00:00","twitter_card":"summary_large_image","schema":{"@context":"https:\/\/schema.org","@graph":[{"@type":"WebPage","@id":"https:\/\/saltcomunicacao.com.br\/marciasilva\/procedimentos\/","url":"https:\/\/saltcomunicacao.com.br\/marciasilva\/procedimentos\/","name":"Procedimentos - Marcia Silva","isPartOf":{"@id":"https:\/\/saltcomunicacao.com.br\/marciasilva\/#website"},"datePublished":"2023-06-15T14:37:42+00:00","dateModified":"2023-06-15T18:22:56+00:00","breadcrumb":{"@id":"https:\/\/saltcomunicacao.com.br\/marciasilva\/procedimentos\/#breadcrumb"},"inLanguage":"pt-BR","potentialAction":[{"@type":"ReadAction","target":["https:\/\/saltcomunicacao.com.br\/marciasilva\/procedimentos\/"]}]},{"@type":"BreadcrumbList","@id":"https:\/\/saltcomunicacao.com.br\/marciasilva\/procedimentos\/#breadcrumb","itemListElement":[{"@type":"ListItem","position":1,"name":"In\u00edcio","item":"https:\/\/saltcomunicacao.com.br\/marciasilva\/"},{"@type":"ListItem","position":2,"name":"Procedimentos"}]},{"@type":"WebSite","@id":"https:\/\/saltcomunicacao.com.br\/marciasilva\/#website","url":"https:\/\/saltcomunicacao.com.br\/marciasilva\/","name":"M\u00e1rcia Silva","description":"A harmonia perfeita entre forma e fun\u00e7\u00e3o do nariz","publisher":{"@id":"https:\/\/saltcomunicacao.com.br\/marciasilva\/#\/schema\/person\/01510f84292eaf8d7e87a403808f527f"},"potentialAction":[{"@type":"SearchAction","target":{"@type":"EntryPoint","urlTemplate":"https:\/\/saltcomunicacao.com.br\/marciasilva\/?s={search_term_string}"},"query-input":"required name=search_term_string"}],"inLanguage":"pt-BR"},{"@type":["Person","Organization"],"@id":"https:\/\/saltcomunicacao.com.br\/marciasilva\/#\/schema\/person\/01510f84292eaf8d7e87a403808f527f","name":"salt","image":{"@type":"ImageObject","inLanguage":"pt-BR","@id":"https:\/\/saltcomunicacao.com.br\/marciasilva\/#\/schema\/person\/image\/","url":"https:\/\/saltcomunicacao.com.br\/marciasilva\/wp-content\/uploads\/2023\/06\/Group-134.jpg","contentUrl":"https:\/\/saltcomunicacao.com.br\/marciasilva\/wp-content\/uploads\/2023\/06\/Group-134.jpg","width":710,"height":923,"caption":"salt"},"logo":{"@id":"https:\/\/saltcomunicacao.com.br\/marciasilva\/#\/schema\/person\/image\/"},"sameAs":["https:\/\/saltcomunicacao.com.br\/marciasilva"]}]}},"_links":{"self":[{"href":"https:\/\/saltcomunicacao.com.br\/marciasilva\/wp-json\/wp\/v2\/pages\/24"}],"collection":[{"href":"https:\/\/saltcomunicacao.com.br\/marciasilva\/wp-json\/wp\/v2\/pages"}],"about":[{"href":"https:\/\/saltcomunicacao.com.br\/marciasilva\/wp-json\/wp\/v2\/types\/page"}],"author":[{"embeddable":true,"href":"https:\/\/saltcomunicacao.com.br\/marciasilva\/wp-json\/wp\/v2\/users\/1"}],"replies":[{"embeddable":true,"href":"https:\/\/saltcomunicacao.com.br\/marciasilva\/wp-json\/wp\/v2\/comments?post=24"}],"version-history":[{"count":1,"href":"https:\/\/saltcomunicacao.com.br\/marciasilva\/wp-json\/wp\/v2\/pages\/24\/revisions"}],"predecessor-version":[{"id":25,"href":"https:\/\/saltcomunicacao.com.br\/marciasilva\/wp-json\/wp\/v2\/pages\/24\/revisions\/25"}],"wp:attachment":[{"href":"https:\/\/saltcomunicacao.com.br\/marciasilva\/wp-json\/wp\/v2\/media?parent=24"}],"curies":[{"name":"wp","href":"https:\/\/api.w.org\/{rel}","templated":true}]}}